{"id":42337,"date":"2026-01-22T14:18:52","date_gmt":"2026-01-22T13:18:52","guid":{"rendered":"https:\/\/www.sgmmagnetics.com\/declaracion-de-accesibilidad-sgm\/"},"modified":"2026-03-04T13:10:09","modified_gmt":"2026-03-04T12:10:09","slug":"erisilebilirlik-beyani-sgm","status":"publish","type":"page","link":"https:\/\/www.sgmmagnetics.com\/tr\/erisilebilirlik-beyani-sgm\/","title":{"rendered":"Eri\u015filebilirlik Beyan\u0131 SGM"},"content":{"rendered":"[vc_row type=&#8221;full_width_background&#8221; full_screen_row_position=&#8221;middle&#8221; column_margin=&#8221;default&#8221; column_direction=&#8221;default&#8221; column_direction_tablet=&#8221;default&#8221; column_direction_phone=&#8221;default&#8221; scene_position=&#8221;center&#8221; text_color=&#8221;dark&#8221; text_align=&#8221;left&#8221; row_border_radius=&#8221;none&#8221; row_border_radius_applies=&#8221;bg&#8221; row_position_desktop=&#8221;default&#8221; row_position_tablet=&#8221;inherit&#8221; row_position_phone=&#8221;inherit&#8221; overflow=&#8221;visible&#8221; advanced_gradient_angle=&#8221;0&#8243; overlay_strength=&#8221;0.3&#8243; gradient_direction=&#8221;left_to_right&#8221; shape_divider_position=&#8221;bottom&#8221; bg_image_animation=&#8221;none&#8221; gradient_type=&#8221;default&#8221; shape_type=&#8221;&#8221;][vc_column column_padding=&#8221;no-extra-padding&#8221; column_padding_tablet=&#8221;inherit&#8221; column_padding_phone=&#8221;inherit&#8221; column_padding_position=&#8221;all&#8221; flex_gap_desktop=&#8221;10px&#8221; column_element_direction_desktop=&#8221;default&#8221; column_element_spacing=&#8221;default&#8221; desktop_text_alignment=&#8221;default&#8221; tablet_text_alignment=&#8221;default&#8221; phone_text_alignment=&#8221;default&#8221; background_color_opacity=&#8221;1&#8243; background_hover_color_opacity=&#8221;1&#8243; column_backdrop_filter=&#8221;none&#8221; column_shadow=&#8221;none&#8221; column_border_radius=&#8221;none&#8221; column_link_target=&#8221;_self&#8221; column_position=&#8221;default&#8221; gradient_direction=&#8221;left_to_right&#8221; overlay_strength=&#8221;0.3&#8243; width=&#8221;1\/1&#8243; tablet_width_inherit=&#8221;default&#8221; animation_type=&#8221;default&#8221; bg_image_animation=&#8221;none&#8221; border_type=&#8221;simple&#8221; column_border_width=&#8221;none&#8221; column_border_style=&#8221;solid&#8221;][divider line_type=&#8221;No Line&#8221; custom_height=&#8221;100px&#8221; custom_height_tablet=&#8221;10px&#8221; custom_height_phone=&#8221;10px&#8221;][\/vc_column][\/vc_row][vc_row type=&#8221;full_width_background&#8221; full_screen_row_position=&#8221;middle&#8221; column_margin=&#8221;default&#8221; column_direction=&#8221;default&#8221; column_direction_tablet=&#8221;default&#8221; column_direction_phone=&#8221;default&#8221; scene_position=&#8221;center&#8221; text_color=&#8221;dark&#8221; text_align=&#8221;left&#8221; row_border_radius=&#8221;none&#8221; row_border_radius_applies=&#8221;bg&#8221; row_position_desktop=&#8221;default&#8221; row_position_tablet=&#8221;inherit&#8221; row_position_phone=&#8221;inherit&#8221; overflow=&#8221;visible&#8221; advanced_gradient_angle=&#8221;0&#8243; overlay_strength=&#8221;0.3&#8243; gradient_direction=&#8221;left_to_right&#8221; shape_divider_position=&#8221;bottom&#8221; bg_image_animation=&#8221;none&#8221; gradient_type=&#8221;default&#8221; shape_type=&#8221;&#8221;][vc_column column_padding=&#8221;no-extra-padding&#8221; column_padding_tablet=&#8221;inherit&#8221; column_padding_phone=&#8221;inherit&#8221; column_padding_position=&#8221;all&#8221; flex_gap_desktop=&#8221;10px&#8221; column_element_direction_desktop=&#8221;default&#8221; column_element_spacing=&#8221;default&#8221; desktop_text_alignment=&#8221;default&#8221; tablet_text_alignment=&#8221;default&#8221; phone_text_alignment=&#8221;default&#8221; background_color_opacity=&#8221;1&#8243; background_hover_color_opacity=&#8221;1&#8243; column_backdrop_filter=&#8221;none&#8221; column_shadow=&#8221;none&#8221; column_border_radius=&#8221;none&#8221; column_link_target=&#8221;_self&#8221; column_position=&#8221;default&#8221; gradient_direction=&#8221;left_to_right&#8221; overlay_strength=&#8221;0.3&#8243; width=&#8221;3\/12&#8243; tablet_width_inherit=&#8221;default&#8221; animation_type=&#8221;default&#8221; bg_image_animation=&#8221;none&#8221; border_type=&#8221;simple&#8221; column_border_width=&#8221;none&#8221; column_border_style=&#8221;solid&#8221;][\/vc_column][vc_column column_padding=&#8221;no-extra-padding&#8221; column_padding_tablet=&#8221;inherit&#8221; column_padding_phone=&#8221;inherit&#8221; column_padding_position=&#8221;all&#8221; flex_gap_desktop=&#8221;10px&#8221; column_element_direction_desktop=&#8221;default&#8221; column_element_spacing=&#8221;default&#8221; desktop_text_alignment=&#8221;default&#8221; tablet_text_alignment=&#8221;default&#8221; phone_text_alignment=&#8221;default&#8221; background_color_opacity=&#8221;1&#8243; background_hover_color_opacity=&#8221;1&#8243; column_backdrop_filter=&#8221;none&#8221; column_shadow=&#8221;none&#8221; column_border_radius=&#8221;none&#8221; column_link_target=&#8221;_self&#8221; column_position=&#8221;default&#8221; gradient_direction=&#8221;left_to_right&#8221; overlay_strength=&#8221;0.3&#8243; width=&#8221;6\/12&#8243; tablet_width_inherit=&#8221;default&#8221; animation_type=&#8221;default&#8221; bg_image_animation=&#8221;none&#8221; border_type=&#8221;simple&#8221; column_border_width=&#8221;none&#8221; column_border_style=&#8221;solid&#8221;][vc_column_text css=&#8221;&#8221; text_direction=&#8221;default&#8221;]\n<h1>Eri\u015filebilirlik Beyan\u0131<\/h1>\n[\/vc_column_text][vc_column_text css=&#8221;&#8221; text_direction=&#8221;default&#8221;]\u0130nternetin herkes i\u00e7in eri\u015filebilir ve kullan\u0131labilir olmas\u0131 gerekti\u011fine inan\u0131yoruz ve ko\u015fullar veya bireysel yetkinlikler ne olursa olsun, m\u00fcmk\u00fcn olan en geni\u015f kullan\u0131c\u0131 kitlesi taraf\u0131ndan kullan\u0131labilecek bir dijital deneyim sunmay\u0131 taahh\u00fct ediyoruz.<\/p>\n<p>Bu do\u011frultuda SGM Magnetics, web sitesinin eri\u015filebilirli\u011fini kademeli olarak iyile\u015ftirmek ve World Wide Web Consortium (W3C) taraf\u0131ndan yay\u0131mlanan Web \u0130\u00e7eri\u011fi Eri\u015filebilirlik Y\u00f6nergeleri (WCAG) ile m\u00fcmk\u00fcn olan en y\u00fcksek d\u00fczeyde uyum sa\u011flamak i\u00e7in \u00e7al\u0131\u015fmalar y\u00fcr\u00fctmektedir.<\/p>\n<p>Bu y\u00f6nergeler; g\u00f6rme engelli veya az g\u00f6ren ki\u015filer ile motor, bili\u015fsel, n\u00f6rolojik ya da duyusal engellere sahip ki\u015filer de d\u00e2hil olmak \u00fczere, farkl\u0131 ihtiya\u00e7lara sahip bireyler i\u00e7in web i\u00e7eriklerinin nas\u0131l eri\u015filebilir h\u00e2le getirilece\u011fini a\u00e7\u0131klamaktad\u0131r.<\/p>\n<p>WCAG ile uyum sa\u011flanmas\u0131, kapsay\u0131c\u0131l\u0131k ilkeleri do\u011frultusunda ve herkes i\u00e7in eri\u015filebilir bir gezinme deneyimi sunma hedefiyle, web sitesinin m\u00fcmk\u00fcn olan en fazla ki\u015fi taraf\u0131ndan kullan\u0131labilmesini sa\u011flamam\u0131za yard\u0131mc\u0131 olmaktad\u0131r.<\/p>\n<p><a href=\"\/wp-content\/uploads\/2026\/03\/ACR_technical_report_TR.docx\" target=\"_blank\" rel=\"noopener\" download=\"\">ER\u0130\u015e\u0130LEB\u0130L\u0130RL\u0130K BELGES\u0130N\u0130 \u0130ND\u0130R\u0130N<\/a><\/p>\n<p>&nbsp;<\/p>\n<h2><strong>Notlar, yorumlar ve geri bildirim<\/strong><\/h2>\n<p>G\u00f6sterdi\u011fimiz t\u00fcm \u00e7abalara ra\u011fmen, baz\u0131 sayfalar veya b\u00f6l\u00fcmler hen\u00fcz tamamen eri\u015filebilir olmayabilir, g\u00fcncelleme a\u015famas\u0131nda olabilir ya da tam eri\u015filebilirlik sa\u011flamak i\u00e7in hen\u00fcz uygun bir teknolojik \u00e7\u00f6z\u00fcme sahip olmayabilir.<\/p>\n<p>Web sitesinin eri\u015filebilirli\u011fini s\u00fcrekli olarak iyile\u015ftirmeyi, i\u00e7erik ve i\u015flevleri g\u00fcncellemeyi ve teknolojik geli\u015fmelerle uyumlu teknik \u00e7\u00f6z\u00fcmler benimsemeyi taahh\u00fct ediyoruz.<\/p>\n<p>Bildirimler, destek talepleri veya eri\u015filebilir alternatifler i\u00e7in bizimle a\u015fa\u011f\u0131daki e-posta adresi \u00fczerinden ileti\u015fime ge\u00e7ebilirsiniz: <a href=\"mailto:c.guaitolini@sgmmagnetics.com\"><strong>c.guaitolini@sgmmagnetics.com<\/strong><\/a><\/p>\n<p>&nbsp;<\/p>\n<h2><strong>Eri\u015filebilirlik widget\u2019\u0131 ile ki\u015fiselle\u015ftirme<\/strong><\/h2>\n<p>Web sitesinde yer alan eri\u015filebilirlik widget\u2019\u0131, i\u00e7eriklerin kullan\u0131labilirli\u011fini art\u0131rmaya yard\u0131mc\u0131 olan; gezinmeyi kolayla\u015ft\u0131ran ve ba\u015fl\u0131ca yard\u0131mc\u0131 teknolojilerle uyumlulu\u011fu destekleyen bir ara\u00e7t\u0131r.<\/p>\n<p>\u00d6zelle\u015ftirilebilir i\u015flevler arac\u0131l\u0131\u011f\u0131yla, g\u00f6rsel, motor, bili\u015fsel ve n\u00f6rolojik engellere sahip kullan\u0131c\u0131lar i\u00e7in kapsay\u0131c\u0131 bir gezinme deneyimi sunar.<\/p>\n<p>Widget\u2019a eri\u015fim:<\/p>\n<ul>\n<li><strong>klavye ile<\/strong>, sayfan\u0131n ba\u015f\u0131nda (TAB tu\u015funa basarak)<\/li>\n<li><strong>veya fare ile<\/strong>, sayfan\u0131n alt k\u0131sm\u0131nda sabit konumda bulunan \u201cevrensel eri\u015fim\u201d simgesi \u00fczerinden sa\u011flanabilir<\/li>\n<\/ul>\n<p>Sunulan i\u015flevlere \u00f6rnekler:<\/p>\n<ul>\n<li><strong>G\u00f6rme olmadan kullan\u0131m:<\/strong>\u00a0klavye ile gezinme ve ekran okuyucularla uyumlu mod<\/li>\n<li><strong>S\u0131n\u0131rl\u0131 g\u00f6rme:<\/strong>\u00a0yak\u0131nla\u015ft\u0131rma, y\u00fcksek kontrast, yaz\u0131 tipi ayarlar\u0131<\/li>\n<li><strong>Renk g\u00f6rme bozukluklar\u0131:<\/strong>\u00a0ba\u011flant\u0131lar\u0131n, ba\u015fl\u0131klar\u0131n ve t\u0131klanabilir i\u00e7eriklerin vurgulanmas\u0131<\/li>\n<li><strong>S\u0131n\u0131rl\u0131 hareket kabiliyeti:<\/strong>\u00a0klavye ile gezinme veya alternatif giri\u015f ara\u00e7lar\u0131<\/li>\n<li><strong>G\u00f6rsel hassasiyet \/ fotosensitivite:<\/strong>\u00a0animasyonlar\u0131n devre d\u0131\u015f\u0131 b\u0131rak\u0131lmas\u0131 ve d\u00fc\u015f\u00fck g\u00f6rsel uyar\u0131ml\u0131 renk paletlerinin etkinle\u015ftirilmesi<\/li>\n<\/ul>\n<p>Herhangi bir i\u015flevin etkinle\u015ftirilmesi, kulland\u0131\u011f\u0131n\u0131z yap\u0131land\u0131rma veya yard\u0131mc\u0131 teknoloji ile uyumlulu\u011fu olumsuz etkilerse, l\u00fctfen bizimle ileti\u015fime ge\u00e7in ve bu s\u00fcre zarf\u0131nda ilgili d\u00fc\u011fmeyi kullanarak widget\u2019\u0131 devre d\u0131\u015f\u0131 b\u0131rak\u0131n.[\/vc_column_text][\/vc_column][vc_column column_padding=&#8221;no-extra-padding&#8221; column_padding_tablet=&#8221;inherit&#8221; column_padding_phone=&#8221;inherit&#8221; column_padding_position=&#8221;all&#8221; flex_gap_desktop=&#8221;10px&#8221; column_element_direction_desktop=&#8221;default&#8221; column_element_spacing=&#8221;default&#8221; desktop_text_alignment=&#8221;default&#8221; tablet_text_alignment=&#8221;default&#8221; phone_text_alignment=&#8221;default&#8221; background_color_opacity=&#8221;1&#8243; background_hover_color_opacity=&#8221;1&#8243; column_backdrop_filter=&#8221;none&#8221; column_shadow=&#8221;none&#8221; column_border_radius=&#8221;none&#8221; column_link_target=&#8221;_self&#8221; column_position=&#8221;default&#8221; gradient_direction=&#8221;left_to_right&#8221; overlay_strength=&#8221;0.3&#8243; width=&#8221;3\/12&#8243; tablet_width_inherit=&#8221;default&#8221; animation_type=&#8221;default&#8221; bg_image_animation=&#8221;none&#8221; border_type=&#8221;simple&#8221; column_border_width=&#8221;none&#8221; column_border_style=&#8221;solid&#8221;][\/vc_column][\/vc_row][vc_row type=&#8221;full_width_background&#8221; full_screen_row_position=&#8221;middle&#8221; column_margin=&#8221;default&#8221; column_direction=&#8221;default&#8221; column_direction_tablet=&#8221;default&#8221; column_direction_phone=&#8221;default&#8221; scene_position=&#8221;center&#8221; text_color=&#8221;dark&#8221; text_align=&#8221;left&#8221; row_border_radius=&#8221;none&#8221; row_border_radius_applies=&#8221;bg&#8221; row_position_desktop=&#8221;default&#8221; row_position_tablet=&#8221;inherit&#8221; row_position_phone=&#8221;inherit&#8221; overflow=&#8221;visible&#8221; advanced_gradient_angle=&#8221;0&#8243; overlay_strength=&#8221;0.3&#8243; gradient_direction=&#8221;left_to_right&#8221; shape_divider_position=&#8221;bottom&#8221; bg_image_animation=&#8221;none&#8221; gradient_type=&#8221;default&#8221; shape_type=&#8221;&#8221;][vc_column column_padding=&#8221;no-extra-padding&#8221; column_padding_tablet=&#8221;inherit&#8221; column_padding_phone=&#8221;inherit&#8221; column_padding_position=&#8221;all&#8221; flex_gap_desktop=&#8221;10px&#8221; column_element_direction_desktop=&#8221;default&#8221; column_element_spacing=&#8221;default&#8221; desktop_text_alignment=&#8221;default&#8221; tablet_text_alignment=&#8221;default&#8221; phone_text_alignment=&#8221;default&#8221; background_color_opacity=&#8221;1&#8243; background_hover_color_opacity=&#8221;1&#8243; column_backdrop_filter=&#8221;none&#8221; column_shadow=&#8221;none&#8221; column_border_radius=&#8221;none&#8221; column_link_target=&#8221;_self&#8221; column_position=&#8221;default&#8221; gradient_direction=&#8221;left_to_right&#8221; overlay_strength=&#8221;0.3&#8243; width=&#8221;1\/1&#8243; tablet_width_inherit=&#8221;default&#8221; animation_type=&#8221;default&#8221; bg_image_animation=&#8221;none&#8221; border_type=&#8221;simple&#8221; column_border_width=&#8221;none&#8221; column_border_style=&#8221;solid&#8221;][divider line_type=&#8221;No Line&#8221; custom_height=&#8221;100px&#8221;][\/vc_column][\/vc_row]\n","protected":false},"excerpt":{"rendered":"<p>[vc_row type=&#8221;full_width_background&#8221; full_screen_row_position=&#8221;middle&#8221; column_margin=&#8221;default&#8221; column_direction=&#8221;default&#8221; column_direction_tablet=&#8221;default&#8221; column_direction_phone=&#8221;default&#8221; scene_position=&#8221;center&#8221; text_color=&#8221;dark&#8221; text_align=&#8221;left&#8221; row_border_radius=&#8221;none&#8221; row_border_radius_applies=&#8221;bg&#8221; row_position_desktop=&#8221;default&#8221; row_position_tablet=&#8221;inherit&#8221; row_position_phone=&#8221;inherit&#8221; overflow=&#8221;visible&#8221; advanced_gradient_angle=&#8221;0&#8243; overlay_strength=&#8221;0.3&#8243; gradient_direction=&#8221;left_to_right&#8221; shape_divider_position=&#8221;bottom&#8221; bg_image_animation=&#8221;none&#8221; gradient_type=&#8221;default&#8221; shape_type=&#8221;&#8221;][vc_column column_padding=&#8221;no-extra-padding&#8221; column_padding_tablet=&#8221;inherit&#8221; column_padding_phone=&#8221;inherit&#8221; column_padding_position=&#8221;all&#8221; flex_gap_desktop=&#8221;10px&#8221; column_element_direction_desktop=&#8221;default&#8221; column_element_spacing=&#8221;default&#8221; desktop_text_alignment=&#8221;default&#8221; tablet_text_alignment=&#8221;default&#8221; phone_text_alignment=&#8221;default&#8221; background_color_opacity=&#8221;1&#8243; background_hover_color_opacity=&#8221;1&#8243; column_backdrop_filter=&#8221;none&#8221; column_shadow=&#8221;none&#8221; column_border_radius=&#8221;none&#8221; column_link_target=&#8221;_self&#8221; column_position=&#8221;default&#8221; gradient_direction=&#8221;left_to_right&#8221; overlay_strength=&#8221;0.3&#8243; width=&#8221;1\/1&#8243; tablet_width_inherit=&#8221;default&#8221; animation_type=&#8221;default&#8221; bg_image_animation=&#8221;none&#8221; border_type=&#8221;simple&#8221; column_border_width=&#8221;none&#8221; column_border_style=&#8221;solid&#8221;][divider line_type=&#8221;No&#8230;<\/p>\n","protected":false},"author":3,"featured_media":0,"parent":0,"menu_order":0,"comment_status":"closed","ping_status":"closed","template":"","meta":{"_acf_changed":false,"inline_featured_image":false,"footnotes":""},"class_list":["post-42337","page","type-page","status-publish"],"acf":[],"_links":{"self":[{"href":"https:\/\/www.sgmmagnetics.com\/tr\/wp-json\/wp\/v2\/pages\/42337","targetHints":{"allow":["GET"]}}],"collection":[{"href":"https:\/\/www.sgmmagnetics.com\/tr\/wp-json\/wp\/v2\/pages"}],"about":[{"href":"https:\/\/www.sgmmagnetics.com\/tr\/wp-json\/wp\/v2\/types\/page"}],"author":[{"embeddable":true,"href":"https:\/\/www.sgmmagnetics.com\/tr\/wp-json\/wp\/v2\/users\/3"}],"replies":[{"embeddable":true,"href":"https:\/\/www.sgmmagnetics.com\/tr\/wp-json\/wp\/v2\/comments?post=42337"}],"version-history":[{"count":5,"href":"https:\/\/www.sgmmagnetics.com\/tr\/wp-json\/wp\/v2\/pages\/42337\/revisions"}],"predecessor-version":[{"id":43247,"href":"https:\/\/www.sgmmagnetics.com\/tr\/wp-json\/wp\/v2\/pages\/42337\/revisions\/43247"}],"wp:attachment":[{"href":"https:\/\/www.sgmmagnetics.com\/tr\/wp-json\/wp\/v2\/media?parent=42337"}],"curies":[{"name":"wp","href":"https:\/\/api.w.org\/{rel}","templated":true}]}}