{"id":40763,"date":"2022-06-08T14:48:00","date_gmt":"2022-06-08T12:48:00","guid":{"rendered":"https:\/\/www.sgmmagnetics.com\/lifting-magnets\/"},"modified":"2025-11-14T10:41:46","modified_gmt":"2025-11-14T09:41:46","slug":"kaldirma","status":"publish","type":"page","link":"https:\/\/www.sgmmagnetics.com\/tr\/kaldirma\/","title":{"rendered":"Manyetik kald\u0131rma m\u0131knat\u0131slar\u0131"},"content":{"rendered":"[vc_row type=&#8221;full_width_background&#8221; full_screen_row_position=&#8221;middle&#8221; column_margin=&#8221;default&#8221; equal_height=&#8221;yes&#8221; column_direction=&#8221;default&#8221; column_direction_tablet=&#8221;default&#8221; column_direction_phone=&#8221;default&#8221; bg_image=&#8221;10924&#8243; bg_position=&#8221;left top&#8221; background_image_loading=&#8221;default&#8221; bg_repeat=&#8221;no-repeat&#8221; full_height=&#8221;yes&#8221; video_bg=&#8221;use_video&#8221; video_mp4=&#8221;\/wp-content\/uploads\/2024\/04\/Video in testata_lifting homepage.mp4&#8243; background_video_loading=&#8221;default&#8221; scene_position=&#8221;center&#8221; top_padding=&#8221;0&#8243; constrain_group_1=&#8221;yes&#8221; bottom_padding=&#8221;0&#8243; left_padding_desktop=&#8221;0&#8243; constrain_group_2=&#8221;yes&#8221; right_padding_desktop=&#8221;0&#8243; top_padding_tablet=&#8221;120&#8243; constrain_group_3=&#8221;yes&#8221; bottom_padding_tablet=&#8221;120&#8243; top_padding_phone=&#8221;120&#8243; constrain_group_5=&#8221;yes&#8221; bottom_padding_phone=&#8221;120&#8243; top_margin=&#8221;0&#8243; constrain_group_7=&#8221;yes&#8221; bottom_margin=&#8221;0&#8243; left_margin=&#8221;0&#8243; constrain_group_8=&#8221;yes&#8221; right_margin=&#8221;0&#8243; text_color=&#8221;light&#8221; text_align=&#8221;center&#8221; row_border_radius=&#8221;none&#8221; row_border_radius_applies=&#8221;bg&#8221; overflow=&#8221;visible&#8221; color_overlay=&#8221;rgba(10,10,10,0.8)&#8221; advanced_gradient_angle=&#8221;0&#8243; overlay_strength=&#8221;0.8&#8243; gradient_direction=&#8221;left_to_right&#8221; shape_divider_position=&#8221;bottom&#8221; bg_image_animation=&#8221;none&#8221; gradient_type=&#8221;default&#8221; shape_type=&#8221;&#8221;][vc_column column_padding=&#8221;no-extra-padding&#8221; column_padding_tablet=&#8221;inherit&#8221; column_padding_phone=&#8221;inherit&#8221; column_padding_position=&#8221;all&#8221; column_element_direction_desktop=&#8221;default&#8221; column_element_spacing=&#8221;default&#8221; centered_text=&#8221;true&#8221; desktop_text_alignment=&#8221;default&#8221; tablet_text_alignment=&#8221;default&#8221; phone_text_alignment=&#8221;default&#8221; background_color_opacity=&#8221;1&#8243; background_hover_color_opacity=&#8221;1&#8243; column_backdrop_filter=&#8221;none&#8221; column_shadow=&#8221;none&#8221; column_border_radius=&#8221;none&#8221; column_link_target=&#8221;_self&#8221; column_position=&#8221;default&#8221; advanced_gradient_angle=&#8221;0&#8243; gradient_direction=&#8221;left_to_right&#8221; overlay_strength=&#8221;0.3&#8243; width=&#8221;3\/12&#8243; tablet_width_inherit=&#8221;default&#8221; animation_type=&#8221;default&#8221; bg_image_animation=&#8221;none&#8221; border_type=&#8221;simple&#8221; column_border_width=&#8221;none&#8221; column_border_style=&#8221;solid&#8221; gradient_type=&#8221;default&#8221; offset=&#8221;vc_hidden-sm vc_hidden-xs&#8221;][\/vc_column][vc_column column_padding=&#8221;no-extra-padding&#8221; column_padding_tablet=&#8221;padding-2-percent&#8221; column_padding_phone=&#8221;padding-2-percent&#8221; column_padding_position=&#8221;all&#8221; column_element_direction_desktop=&#8221;default&#8221; column_element_spacing=&#8221;default&#8221; centered_text=&#8221;true&#8221; desktop_text_alignment=&#8221;default&#8221; tablet_text_alignment=&#8221;default&#8221; phone_text_alignment=&#8221;default&#8221; background_color_opacity=&#8221;1&#8243; background_hover_color_opacity=&#8221;1&#8243; column_backdrop_filter=&#8221;none&#8221; column_shadow=&#8221;none&#8221; column_border_radius=&#8221;none&#8221; column_link_target=&#8221;_self&#8221; column_position=&#8221;default&#8221; advanced_gradient_angle=&#8221;0&#8243; gradient_direction=&#8221;left_to_right&#8221; overlay_strength=&#8221;0.3&#8243; width=&#8221;6\/12&#8243; tablet_width_inherit=&#8221;default&#8221; animation_type=&#8221;default&#8221; bg_image_animation=&#8221;none&#8221; border_type=&#8221;simple&#8221; column_border_width=&#8221;none&#8221; column_border_style=&#8221;solid&#8221; gradient_type=&#8221;default&#8221; column_padding_type=&#8221;default&#8221;][vc_column_text css=&#8221;&#8221; text_direction=&#8221;default&#8221;]\n<h1>Manyetik kald\u0131rma m\u0131knat\u0131slar\u0131<\/h1>\n[\/vc_column_text][vc_column_text css=&#8221;.vc_custom_1763113121635{margin-bottom: 30px !important;}&#8221; text_direction=&#8221;default&#8221;]\n<h3>End\u00fcstriyel uygulamalar i\u00e7in manyetik kald\u0131rma m\u0131knat\u0131slar\u0131nda d\u00fcnya lideri, kan\u0131tlanm\u0131\u015f uzmanl\u0131\u011f\u0131m\u0131z ve ileri teknolojimizle g\u00fcvenilen bir markad\u0131r.<\/h3>\n[\/vc_column_text][\/vc_column][vc_column column_padding=&#8221;no-extra-padding&#8221; column_padding_tablet=&#8221;inherit&#8221; column_padding_phone=&#8221;inherit&#8221; column_padding_position=&#8221;all&#8221; column_element_direction_desktop=&#8221;default&#8221; column_element_spacing=&#8221;default&#8221; desktop_text_alignment=&#8221;default&#8221; tablet_text_alignment=&#8221;default&#8221; phone_text_alignment=&#8221;default&#8221; background_color_opacity=&#8221;1&#8243; background_hover_color_opacity=&#8221;1&#8243; column_backdrop_filter=&#8221;none&#8221; column_shadow=&#8221;none&#8221; column_border_radius=&#8221;none&#8221; column_link_target=&#8221;_self&#8221; column_position=&#8221;default&#8221; advanced_gradient_angle=&#8221;0&#8243; gradient_direction=&#8221;left_to_right&#8221; overlay_strength=&#8221;0.3&#8243; width=&#8221;3\/12&#8243; tablet_width_inherit=&#8221;default&#8221; animation_type=&#8221;default&#8221; bg_image_animation=&#8221;none&#8221; border_type=&#8221;simple&#8221; column_border_width=&#8221;none&#8221; column_border_style=&#8221;solid&#8221; gradient_type=&#8221;default&#8221; offset=&#8221;vc_hidden-sm vc_hidden-xs&#8221;][\/vc_column][\/vc_row][vc_row type=&#8221;full_width_background&#8221; full_screen_row_position=&#8221;middle&#8221; column_margin=&#8221;default&#8221; column_direction=&#8221;default&#8221; column_direction_tablet=&#8221;default&#8221; column_direction_phone=&#8221;default&#8221; bg_color=&#8221;#000b2c&#8221; scene_position=&#8221;center&#8221; top_padding=&#8221;115&#8243; top_padding_tablet=&#8221;80&#8243; top_padding_phone=&#8221;80&#8243; text_color=&#8221;light&#8221; text_align=&#8221;center&#8221; row_border_radius=&#8221;none&#8221; row_border_radius_applies=&#8221;bg&#8221; overflow=&#8221;visible&#8221; advanced_gradient_angle=&#8221;0&#8243; overlay_strength=&#8221;0.3&#8243; gradient_direction=&#8221;left_to_right&#8221; shape_divider_position=&#8221;bottom&#8221; bg_image_animation=&#8221;none&#8221; gradient_type=&#8221;default&#8221; shape_type=&#8221;&#8221;][vc_column column_padding=&#8221;no-extra-padding&#8221; column_padding_tablet=&#8221;inherit&#8221; column_padding_phone=&#8221;inherit&#8221; column_padding_position=&#8221;all&#8221; column_element_direction_desktop=&#8221;default&#8221; column_element_spacing=&#8221;default&#8221; desktop_text_alignment=&#8221;default&#8221; tablet_text_alignment=&#8221;default&#8221; phone_text_alignment=&#8221;default&#8221; background_color_opacity=&#8221;1&#8243; background_hover_color_opacity=&#8221;1&#8243; column_backdrop_filter=&#8221;none&#8221; column_shadow=&#8221;none&#8221; column_border_radius=&#8221;none&#8221; column_link_target=&#8221;_self&#8221; column_position=&#8221;default&#8221; gradient_direction=&#8221;left_to_right&#8221; overlay_strength=&#8221;0.3&#8243; width=&#8221;3\/12&#8243; tablet_width_inherit=&#8221;default&#8221; animation_type=&#8221;default&#8221; bg_image_animation=&#8221;none&#8221; border_type=&#8221;simple&#8221; column_border_width=&#8221;none&#8221; column_border_style=&#8221;solid&#8221;][\/vc_column][vc_column column_padding=&#8221;no-extra-padding&#8221; column_padding_tablet=&#8221;padding-2-percent&#8221; column_padding_phone=&#8221;padding-2-percent&#8221; column_padding_position=&#8221;all&#8221; column_element_direction_desktop=&#8221;default&#8221; column_element_spacing=&#8221;default&#8221; desktop_text_alignment=&#8221;default&#8221; tablet_text_alignment=&#8221;default&#8221; phone_text_alignment=&#8221;default&#8221; background_color_opacity=&#8221;1&#8243; background_hover_color_opacity=&#8221;1&#8243; column_backdrop_filter=&#8221;none&#8221; column_shadow=&#8221;none&#8221; column_border_radius=&#8221;none&#8221; column_link_target=&#8221;_self&#8221; column_position=&#8221;default&#8221; gradient_direction=&#8221;left_to_right&#8221; overlay_strength=&#8221;0.3&#8243; width=&#8221;6\/12&#8243; tablet_width_inherit=&#8221;default&#8221; animation_type=&#8221;default&#8221; bg_image_animation=&#8221;none&#8221; border_type=&#8221;simple&#8221; column_border_width=&#8221;none&#8221; column_border_style=&#8221;solid&#8221; column_padding_type=&#8221;default&#8221; gradient_type=&#8221;default&#8221;][vc_column_text css=&#8221;&#8221; text_direction=&#8221;default&#8221;]\n<p style=\"text-align: left;\">70 y\u0131ll\u0131k deneyimiyle SGM Magnetics, en zorlu end\u00fcstriyel uygulamalar i\u00e7in y\u00fcksek performansl\u0131 manyetik kald\u0131rma m\u0131knat\u0131slar\u0131n\u0131n tasar\u0131m\u0131nda ve \u00fcretiminde \u00f6nc\u00fcd\u00fcr. 1954\u2019teki ba\u015flang\u0131c\u0131m\u0131zdan bu yana, hurda, brama ve k\u00fct\u00fcklerde uzmanla\u015farak, uzmanl\u0131\u011f\u0131m\u0131z\u0131 manyetik kald\u0131rma uygulamalar\u0131n\u0131n t\u00fcm yelpazesine geni\u015flettik; \u00e7elik fabrikalar\u0131, servis merkezleri, depolar, limanlar ve tersaneler dahil. \u00d6zel tasarlanm\u0131\u015f \u00e7\u00f6z\u00fcmlerimiz ayr\u0131ca \u00f6zel operasyonlarda da kullan\u0131lm\u0131\u015ft\u0131r; \u00f6rne\u011fin gemilerden brama y\u00fckleme ve bo\u015faltma, y\u00fcksek h\u0131zl\u0131 trenler i\u00e7in son derece uzun raylar\u0131n (400 m\u2019ye kadar) ta\u015f\u0131nmas\u0131 veya a\u00e7\u0131k deniz petrol sondaj platformlar\u0131nda boru ta\u015f\u0131mac\u0131l\u0131\u011f\u0131n\u0131n y\u00f6netimi.<\/p>\n<p style=\"text-align: left;\">Sekt\u00f6rdeki uzun y\u0131llara dayanan itibar\u0131m\u0131z, d\u00fcnya \u00e7ap\u0131ndaki lider oyuncular\u0131n g\u00fcvenini kazanm\u0131\u015ft\u0131r. Her k\u0131tada biriktirdi\u011fimiz say\u0131s\u0131z m\u00fc\u015fteri referans\u0131, m\u00fckemmelli\u011fe olan ba\u011fl\u0131l\u0131\u011f\u0131m\u0131z\u0131n kan\u0131t\u0131d\u0131r. Manyetik kald\u0131rma m\u0131knat\u0131slar\u0131m\u0131z sadece \u00fcr\u00fcn de\u011fildir \u2014 en kat\u0131 operasyonel gereklilikleri kar\u015f\u0131layan, ileri m\u00fchendislik g\u00fcvenlik \u00e7\u00f6z\u00fcmleridir.<\/p>\n[\/vc_column_text][divider line_type=&#8221;No Line&#8221; custom_height=&#8221;100px&#8221; custom_height_tablet=&#8221;50px&#8221; custom_height_phone=&#8221;50px&#8221;][vc_column_text css=&#8221;&#8221; text_direction=&#8221;default&#8221;]\n<h2 style=\"text-align: left;\">Maksimum g\u00fcvenlik ve verimlilik i\u00e7in \u00f6zel \u00e7\u00f6z\u00fcmler<\/h2>\n[\/vc_column_text][vc_column_text css=&#8221;&#8221; text_direction=&#8221;default&#8221;]\n<p style=\"text-align: left;\">Manyetik kald\u0131rmada g\u00fcvenlik her \u015feydir. Katalog tabanl\u0131 standart \u00e7\u00f6z\u00fcmlerin aksine, SGM her uygulaman\u0131n \u00f6zel m\u00fchendislik yakla\u015f\u0131m\u0131 gerektirdi\u011fine inan\u0131r. Uzmanl\u0131\u011f\u0131m\u0131z, her sistemin \u00f6zel uygulamas\u0131na g\u00f6re optimize edilmesini sa\u011flayan, \u00f6zel tasarlanm\u0131\u015f kald\u0131rma \u00e7\u00f6z\u00fcmlerinin tasarlanmas\u0131 ve \u00fcretilmesinde yatmaktad\u0131r; maksimum g\u00fcvenlik, g\u00fcvenilirlik ve verimlilik sunar.<\/p>\n[\/vc_column_text][divider line_type=&#8221;No Line&#8221; custom_height=&#8221;100px&#8221; custom_height_tablet=&#8221;50px&#8221; custom_height_phone=&#8221;50px&#8221;][vc_column_text css=&#8221;&#8221; text_direction=&#8221;default&#8221;]\n<h2 style=\"text-align: left;\">Manyetik kald\u0131rma teknolojisinde \u00f6nc\u00fc<\/h2>\n[\/vc_column_text][vc_column_text css=&#8221;&#8221; text_direction=&#8221;default&#8221;]\n<p style=\"text-align: left;\">K\u00fcresel bir teknoloji lideri olarak SGM, bir\u00e7ok tescilli \u00e7\u00f6z\u00fcme sahiptir ve sekt\u00f6re ilk kez Elektro-Permanent Manyetik Kald\u0131rma M\u0131knat\u0131slar\u0131n\u0131 (EPR) tan\u0131tan \u015firket olmu\u015ftur. Bu teknoloji, etkinle\u015ftirmek ve devre d\u0131\u015f\u0131 b\u0131rakmak i\u00e7in yaln\u0131zca k\u0131sa bir elektriksel darbe gerektirir, bu da daha y\u00fcksek enerji verimlili\u011fi ve benzersiz operasyonel g\u00fcvenlik sa\u011flar.<\/p>\n[\/vc_column_text][divider line_type=&#8221;No Line&#8221; custom_height=&#8221;100px&#8221; custom_height_tablet=&#8221;50px&#8221; custom_height_phone=&#8221;50px&#8221;][vc_column_text css=&#8221;&#8221; text_direction=&#8221;default&#8221;]\n<h2 style=\"text-align: left;\">M\u00fc\u015fteri odakl\u0131 destek ve hizmet<\/h2>\n[\/vc_column_text][vc_column_text css=&#8221;&#8221; text_direction=&#8221;default&#8221;]\n<p style=\"text-align: left;\">SGM, m\u00fc\u015fterilerimizin uzman teknik ekibimizden s\u00fcrekli destek almas\u0131n\u0131 sa\u011flar. K\u00fcresel teknisyen a\u011f\u0131m\u0131z sayesinde, yerinde ve uzaktan h\u0131zl\u0131 destek garanti ediyoruz, duru\u015f s\u00fcrelerini en aza indiriyor ve m\u00fc\u015fterilerimiz i\u00e7in d\u00fcnya \u00e7ap\u0131nda en y\u00fcksek g\u00fcvenlik ve \u00fcretkenlik seviyelerini sa\u011fl\u0131yoruz.<\/p>\n<p>Bug\u00fcn bizimle ileti\u015fime ge\u00e7in ve SGM Magnetics\u2019in g\u00fcvenlik, g\u00fcvenilirlik ve performans i\u00e7in tasarlanm\u0131\u015f \u00f6zel \u00e7\u00f6z\u00fcmlerle kald\u0131rma operasyonlar\u0131n\u0131z\u0131 nas\u0131l optimize edebilece\u011fini ke\u015ffedin.[\/vc_column_text][nectar_btn size=&#8221;jumbo&#8221; button_style=&#8221;regular&#8221; button_color_2=&#8221;Accent-Color&#8221; icon_family=&#8221;none&#8221; text=&#8221;\u00dcr\u00fcnlerimiz \u203a&#8221; margin_top=&#8221;60&#8243; url=&#8221;\/tr\/kaldirma\/urunler\/&#8221;][divider line_type=&#8221;No Line&#8221; custom_height=&#8221;100&#8243; custom_height_tablet=&#8221;80&#8243; custom_height_phone=&#8221;80&#8243;][\/vc_column][vc_column column_padding=&#8221;no-extra-padding&#8221; column_padding_tablet=&#8221;inherit&#8221; column_padding_phone=&#8221;inherit&#8221; column_padding_position=&#8221;all&#8221; column_element_direction_desktop=&#8221;default&#8221; column_element_spacing=&#8221;default&#8221; desktop_text_alignment=&#8221;default&#8221; tablet_text_alignment=&#8221;default&#8221; phone_text_alignment=&#8221;default&#8221; background_color_opacity=&#8221;1&#8243; background_hover_color_opacity=&#8221;1&#8243; column_backdrop_filter=&#8221;none&#8221; column_shadow=&#8221;none&#8221; column_border_radius=&#8221;none&#8221; column_link_target=&#8221;_self&#8221; column_position=&#8221;default&#8221; gradient_direction=&#8221;left_to_right&#8221; overlay_strength=&#8221;0.3&#8243; width=&#8221;3\/12&#8243; tablet_width_inherit=&#8221;default&#8221; animation_type=&#8221;default&#8221; bg_image_animation=&#8221;none&#8221; border_type=&#8221;simple&#8221; column_border_width=&#8221;none&#8221; column_border_style=&#8221;solid&#8221;][\/vc_column][\/vc_row][vc_row type=&#8221;in_container&#8221; full_screen_row_position=&#8221;middle&#8221; column_margin=&#8221;default&#8221; column_direction=&#8221;default&#8221; column_direction_tablet=&#8221;default&#8221; column_direction_phone=&#8221;default&#8221; scene_position=&#8221;center&#8221; text_color=&#8221;dark&#8221; text_align=&#8221;left&#8221; row_border_radius=&#8221;none&#8221; row_border_radius_applies=&#8221;bg&#8221; overflow=&#8221;visible&#8221; overlay_strength=&#8221;0.3&#8243; gradient_direction=&#8221;left_to_right&#8221; shape_divider_position=&#8221;bottom&#8221; bg_image_animation=&#8221;none&#8221;][vc_column column_padding=&#8221;no-extra-padding&#8221; column_padding_tablet=&#8221;inherit&#8221; column_padding_phone=&#8221;inherit&#8221; column_padding_position=&#8221;all&#8221; column_element_direction_desktop=&#8221;default&#8221; column_element_spacing=&#8221;default&#8221; desktop_text_alignment=&#8221;default&#8221; tablet_text_alignment=&#8221;default&#8221; phone_text_alignment=&#8221;default&#8221; background_color_opacity=&#8221;1&#8243; background_hover_color_opacity=&#8221;1&#8243; column_backdrop_filter=&#8221;none&#8221; column_shadow=&#8221;none&#8221; column_border_radius=&#8221;none&#8221; column_link_target=&#8221;_self&#8221; column_position=&#8221;default&#8221; gradient_direction=&#8221;left_to_right&#8221; overlay_strength=&#8221;0.3&#8243; width=&#8221;1\/1&#8243; tablet_width_inherit=&#8221;default&#8221; animation_type=&#8221;default&#8221; bg_image_animation=&#8221;none&#8221; border_type=&#8221;simple&#8221; column_border_width=&#8221;none&#8221; column_border_style=&#8221;solid&#8221;]<div class=\"templatera_shortcode margin-0px\">\n\t\t<div id=\"fws_69f0bc5d6a007\"  data-column-margin=\"none\" data-midnight=\"dark\"  class=\"wpb_row vc_row-fluid vc_row full-width-content vc_row-o-equal-height vc_row-flex vc_row-o-content-middle  top_margin_tablet_25px top_margin_phone_25px\"  style=\"padding-top: 0px; padding-bottom: 0px; \"><div class=\"row-bg-wrap\" data-bg-animation=\"none\" data-bg-animation-delay=\"\" data-bg-overlay=\"false\"><div class=\"inner-wrap row-bg-layer\" ><div class=\"row-bg viewport-desktop\"  style=\"\"><\/div><\/div><\/div><div class=\"row_col_wrap_12 col span_12 dark center\">\n\t<div style=\" color: #ffffff;\" class=\"vc_col-sm-6 padding-box-el-lefttt wpb_column column_container vc_column_container col centered-text padding-2-percent inherit_tablet inherit_phone \" data-cfc=\"true\" data-using-bg=\"true\" data-padding-pos=\"top-bottom\" data-has-bg-color=\"true\" data-bg-color=\"#005cef\" data-bg-opacity=\"1\" data-animation=\"\" data-delay=\"0\" >\n\t\t<div class=\"vc_column-inner\" ><div class=\"column-bg-overlay-wrap column-bg-layer\" data-bg-animation=\"none\"><div class=\"column-bg-overlay\" style=\"opacity: 1; background-color: #005cef;\"><\/div><\/div>\n\t\t\t<div class=\"wpb_wrapper\">\n\t\t\t\t\n<div class=\"wpb_text_column wpb_content_element  sgm-white-color sgm-white-color--a\" >\n\t<h4><a href=\"\/tr\/kaldirma\/\">Manyetik kald\u0131rma \u203a<\/a><\/h4>\n<\/div>\n\n\n\n\n\t\t\t<\/div> \n\t\t<\/div>\n\t<\/div> \n\n\t<div style=\"\" class=\"vc_col-sm-6 padding-box-el-lefttt wpb_column column_container vc_column_container col centered-text padding-2-percent inherit_tablet inherit_phone \" data-using-bg=\"true\" data-padding-pos=\"top-bottom\" data-has-bg-color=\"true\" data-bg-color=\"#e6e9ee\" data-bg-opacity=\"1\" data-animation=\"\" data-delay=\"0\" >\n\t\t<div class=\"vc_column-inner\" ><div class=\"column-bg-overlay-wrap column-bg-layer\" data-bg-animation=\"none\"><div class=\"column-bg-overlay\" style=\"opacity: 1; background-color: #e6e9ee;\"><\/div><\/div>\n\t\t\t<div class=\"wpb_wrapper\">\n\t\t\t\t\n<div class=\"wpb_text_column wpb_content_element  sgm-accent-color\" >\n\t<h4><a href=\"\/tr\/ayirma-ve-geri-donusum\/ayirma-teknolojileri\/\">Ay\u0131rma Teknolojileri \u203a<\/a><\/h4>\n<\/div>\n\n\n\n\n\t\t\t<\/div> \n\t\t<\/div>\n\t<\/div> \n<\/div><\/div>\n\t\t<div id=\"fws_69f0bc5d6a81f\"  data-column-margin=\"default\" data-midnight=\"light\"  class=\"wpb_row vc_row-fluid vc_row full-width-section  top_padding_tablet_50px top_padding_phone_50px bottom_padding_tablet_50px bottom_padding_phone_50px\"  style=\"padding-top: 190px; padding-bottom: 190px; \"><div class=\"row-bg-wrap\" data-bg-animation=\"none\" data-bg-animation-delay=\"\" data-bg-overlay=\"false\"><div class=\"inner-wrap row-bg-layer using-image\" ><div class=\"row-bg viewport-desktop using-image\"  style=\"background-image: url(https:\/\/www.sgmmagnetics.com\/wp-content\/uploads\/2022\/06\/imgpsh_fullsize_anim.jpg); background-position: center top; background-repeat: no-repeat; \"><\/div><\/div><\/div><div class=\"row_col_wrap_12 col span_12 light center\">\n\t<div  class=\"vc_col-sm-3 wpb_column column_container vc_column_container col centered-text no-extra-padding inherit_tablet inherit_phone \"  data-padding-pos=\"all\" data-has-bg-color=\"false\" data-bg-color=\"\" data-bg-opacity=\"1\" data-animation=\"\" data-delay=\"0\" >\n\t\t<div class=\"vc_column-inner\" >\n\t\t\t<div class=\"wpb_wrapper\">\n\t\t\t\t\n\t\t\t<\/div> \n\t\t<\/div>\n\t<\/div> \n\n\t<div  class=\"vc_col-sm-6 wpb_column column_container vc_column_container col centered-text no-extra-padding padding-5-percent_tablet padding-5-percent_phone \"  data-padding-pos=\"all\" data-has-bg-color=\"false\" data-bg-color=\"\" data-bg-opacity=\"1\" data-animation=\"\" data-delay=\"0\" >\n\t\t<div class=\"vc_column-inner\" >\n\t\t\t<div class=\"wpb_wrapper\">\n\t\t\t\t\n<div class=\"wpb_text_column wpb_content_element \" >\n\t<h2>Hizmetinizdeyiz<\/h2>\n<\/div>\n\n\n\n<div class=\"divider-wrap\" data-alignment=\"default\"><div style=\"height: 20px;\" class=\"divider\"><\/div><\/div><a class=\"nectar-button jumbo regular accent-color  regular-button\"  role=\"button\" style=\"\"  href=\"\/tr\/Iletisim\/\" data-color-override=\"false\" data-hover-color-override=\"false\" data-hover-text-color-override=\"#fff\"><span>\u0130leti\u015fim \u203a<\/span><\/a>\n\t\t\t<\/div> \n\t\t<\/div>\n\t<\/div> \n\n\t<div  class=\"vc_col-sm-3 wpb_column column_container vc_column_container col no-extra-padding inherit_tablet inherit_phone \"  data-padding-pos=\"all\" data-has-bg-color=\"false\" data-bg-color=\"\" data-bg-opacity=\"1\" data-animation=\"\" data-delay=\"0\" >\n\t\t<div class=\"vc_column-inner\" >\n\t\t\t<div class=\"wpb_wrapper\">\n\t\t\t\t\n\t\t\t<\/div> \n\t\t<\/div>\n\t<\/div> \n<\/div><\/div><\/div>[\/vc_column][\/vc_row]\n","protected":false},"excerpt":{"rendered":"Manyetik kald\u0131rma m\u0131knat\u0131slar\u0131 End\u00fcstriyel uygulamalar i\u00e7in manyetik kald\u0131rma m\u0131knat\u0131slar\u0131nda d\u00fcnya lideri, kan\u0131tlanm\u0131\u015f uzmanl\u0131\u011f\u0131m\u0131z ve ileri teknolojimizle g\u00fcvenilen bir markad\u0131r. 70 y\u0131ll\u0131k deneyimiyle SGM Magnetics, en zorlu end\u00fcstriyel uygulamalar i\u00e7in y\u00fcksek performansl\u0131 manyetik kald\u0131rma m\u0131knat\u0131slar\u0131n\u0131n tasar\u0131m\u0131nda ve \u00fcretiminde \u00f6nc\u00fcd\u00fcr. 1954\u2019teki ba\u015flang\u0131c\u0131m\u0131zdan bu yana, hurda, brama ve k\u00fct\u00fcklerde uzmanla\u015farak, uzmanl\u0131\u011f\u0131m\u0131z\u0131 manyetik kald\u0131rma...","protected":false},"author":3,"featured_media":0,"parent":0,"menu_order":0,"comment_status":"closed","ping_status":"closed","template":"","meta":{"_acf_changed":false,"inline_featured_image":false,"footnotes":""},"class_list":["post-40763","page","type-page","status-publish"],"acf":[],"_links":{"self":[{"href":"https:\/\/www.sgmmagnetics.com\/tr\/wp-json\/wp\/v2\/pages\/40763","targetHints":{"allow":["GET"]}}],"collection":[{"href":"https:\/\/www.sgmmagnetics.com\/tr\/wp-json\/wp\/v2\/pages"}],"about":[{"href":"https:\/\/www.sgmmagnetics.com\/tr\/wp-json\/wp\/v2\/types\/page"}],"author":[{"embeddable":true,"href":"https:\/\/www.sgmmagnetics.com\/tr\/wp-json\/wp\/v2\/users\/3"}],"replies":[{"embeddable":true,"href":"https:\/\/www.sgmmagnetics.com\/tr\/wp-json\/wp\/v2\/comments?post=40763"}],"version-history":[{"count":3,"href":"https:\/\/www.sgmmagnetics.com\/tr\/wp-json\/wp\/v2\/pages\/40763\/revisions"}],"predecessor-version":[{"id":40786,"href":"https:\/\/www.sgmmagnetics.com\/tr\/wp-json\/wp\/v2\/pages\/40763\/revisions\/40786"}],"wp:attachment":[{"href":"https:\/\/www.sgmmagnetics.com\/tr\/wp-json\/wp\/v2\/media?parent=40763"}],"curies":[{"name":"wp","href":"https:\/\/api.w.org\/{rel}","templated":true}]}}