{"id":42341,"date":"2026-01-22T14:18:52","date_gmt":"2026-01-22T13:18:52","guid":{"rendered":"https:\/\/www.sgmmagnetics.com\/erisilebilirlik-beyani-sgm\/"},"modified":"2026-03-04T13:08:15","modified_gmt":"2026-03-04T12:08:15","slug":"deklaracja-dostepnosci-sgm","status":"publish","type":"page","link":"https:\/\/www.sgmmagnetics.com\/pl\/deklaracja-dostepnosci-sgm\/","title":{"rendered":"Deklaracja dost\u0119pno\u015bci SGM"},"content":{"rendered":"[vc_row type=&#8221;full_width_background&#8221; full_screen_row_position=&#8221;middle&#8221; column_margin=&#8221;default&#8221; column_direction=&#8221;default&#8221; column_direction_tablet=&#8221;default&#8221; column_direction_phone=&#8221;default&#8221; scene_position=&#8221;center&#8221; text_color=&#8221;dark&#8221; text_align=&#8221;left&#8221; row_border_radius=&#8221;none&#8221; row_border_radius_applies=&#8221;bg&#8221; row_position_desktop=&#8221;default&#8221; row_position_tablet=&#8221;inherit&#8221; row_position_phone=&#8221;inherit&#8221; overflow=&#8221;visible&#8221; advanced_gradient_angle=&#8221;0&#8243; overlay_strength=&#8221;0.3&#8243; gradient_direction=&#8221;left_to_right&#8221; shape_divider_position=&#8221;bottom&#8221; bg_image_animation=&#8221;none&#8221; gradient_type=&#8221;default&#8221; shape_type=&#8221;&#8221;][vc_column column_padding=&#8221;no-extra-padding&#8221; column_padding_tablet=&#8221;inherit&#8221; column_padding_phone=&#8221;inherit&#8221; column_padding_position=&#8221;all&#8221; flex_gap_desktop=&#8221;10px&#8221; column_element_direction_desktop=&#8221;default&#8221; column_element_spacing=&#8221;default&#8221; desktop_text_alignment=&#8221;default&#8221; tablet_text_alignment=&#8221;default&#8221; phone_text_alignment=&#8221;default&#8221; background_color_opacity=&#8221;1&#8243; background_hover_color_opacity=&#8221;1&#8243; column_backdrop_filter=&#8221;none&#8221; column_shadow=&#8221;none&#8221; column_border_radius=&#8221;none&#8221; column_link_target=&#8221;_self&#8221; column_position=&#8221;default&#8221; gradient_direction=&#8221;left_to_right&#8221; overlay_strength=&#8221;0.3&#8243; width=&#8221;1\/1&#8243; tablet_width_inherit=&#8221;default&#8221; animation_type=&#8221;default&#8221; bg_image_animation=&#8221;none&#8221; border_type=&#8221;simple&#8221; column_border_width=&#8221;none&#8221; column_border_style=&#8221;solid&#8221;][divider line_type=&#8221;No Line&#8221; custom_height=&#8221;100px&#8221; custom_height_tablet=&#8221;10px&#8221; custom_height_phone=&#8221;10px&#8221;][\/vc_column][\/vc_row][vc_row type=&#8221;full_width_background&#8221; full_screen_row_position=&#8221;middle&#8221; column_margin=&#8221;default&#8221; column_direction=&#8221;default&#8221; column_direction_tablet=&#8221;default&#8221; column_direction_phone=&#8221;default&#8221; scene_position=&#8221;center&#8221; text_color=&#8221;dark&#8221; text_align=&#8221;left&#8221; row_border_radius=&#8221;none&#8221; row_border_radius_applies=&#8221;bg&#8221; row_position_desktop=&#8221;default&#8221; row_position_tablet=&#8221;inherit&#8221; row_position_phone=&#8221;inherit&#8221; overflow=&#8221;visible&#8221; advanced_gradient_angle=&#8221;0&#8243; overlay_strength=&#8221;0.3&#8243; gradient_direction=&#8221;left_to_right&#8221; shape_divider_position=&#8221;bottom&#8221; bg_image_animation=&#8221;none&#8221; gradient_type=&#8221;default&#8221; shape_type=&#8221;&#8221;][vc_column column_padding=&#8221;no-extra-padding&#8221; column_padding_tablet=&#8221;inherit&#8221; column_padding_phone=&#8221;inherit&#8221; column_padding_position=&#8221;all&#8221; flex_gap_desktop=&#8221;10px&#8221; column_element_direction_desktop=&#8221;default&#8221; column_element_spacing=&#8221;default&#8221; desktop_text_alignment=&#8221;default&#8221; tablet_text_alignment=&#8221;default&#8221; phone_text_alignment=&#8221;default&#8221; background_color_opacity=&#8221;1&#8243; background_hover_color_opacity=&#8221;1&#8243; column_backdrop_filter=&#8221;none&#8221; column_shadow=&#8221;none&#8221; column_border_radius=&#8221;none&#8221; column_link_target=&#8221;_self&#8221; column_position=&#8221;default&#8221; gradient_direction=&#8221;left_to_right&#8221; overlay_strength=&#8221;0.3&#8243; width=&#8221;3\/12&#8243; tablet_width_inherit=&#8221;default&#8221; animation_type=&#8221;default&#8221; bg_image_animation=&#8221;none&#8221; border_type=&#8221;simple&#8221; column_border_width=&#8221;none&#8221; column_border_style=&#8221;solid&#8221;][\/vc_column][vc_column column_padding=&#8221;no-extra-padding&#8221; column_padding_tablet=&#8221;inherit&#8221; column_padding_phone=&#8221;inherit&#8221; column_padding_position=&#8221;all&#8221; flex_gap_desktop=&#8221;10px&#8221; column_element_direction_desktop=&#8221;default&#8221; column_element_spacing=&#8221;default&#8221; desktop_text_alignment=&#8221;default&#8221; tablet_text_alignment=&#8221;default&#8221; phone_text_alignment=&#8221;default&#8221; background_color_opacity=&#8221;1&#8243; background_hover_color_opacity=&#8221;1&#8243; column_backdrop_filter=&#8221;none&#8221; column_shadow=&#8221;none&#8221; column_border_radius=&#8221;none&#8221; column_link_target=&#8221;_self&#8221; column_position=&#8221;default&#8221; gradient_direction=&#8221;left_to_right&#8221; overlay_strength=&#8221;0.3&#8243; width=&#8221;6\/12&#8243; tablet_width_inherit=&#8221;default&#8221; animation_type=&#8221;default&#8221; bg_image_animation=&#8221;none&#8221; border_type=&#8221;simple&#8221; column_border_width=&#8221;none&#8221; column_border_style=&#8221;solid&#8221;][vc_column_text css=&#8221;&#8221; text_direction=&#8221;default&#8221;]\n<h1>Deklaracja dost\u0119pno\u015bci<\/h1>\n[\/vc_column_text][vc_column_text css=&#8221;&#8221; text_direction=&#8221;default&#8221;]Wierzymy, \u017ce Internet powinien by\u0107 dost\u0119pny dla wszystkich i zobowi\u0105zujemy si\u0119 do zapewnienia do\u015bwiadczenia cyfrowego, z kt\u00f3rego mo\u017ce korzysta\u0107 jak najszersze grono odbiorc\u00f3w, niezale\u017cnie od okoliczno\u015bci i mo\u017cliwo\u015bci.<\/p>\n<p>W tym celu SGM Magnetics podejmuje dzia\u0142ania maj\u0105ce na celu stopniow\u0105 popraw\u0119 dost\u0119pno\u015bci strony internetowej oraz jak najwi\u0119ksze dostosowanie jej do Wytycznych dotycz\u0105cych dost\u0119pno\u015bci tre\u015bci internetowych (WCAG) opracowanych przez World Wide Web Consortium (W3C).<\/p>\n<p>Wytyczne te wyja\u015bniaj\u0105, w jaki spos\u00f3b udost\u0119pnia\u0107 tre\u015bci internetowe osobom o szerokim zakresie potrzeb, w tym osobom niewidomym lub s\u0142abowidz\u0105cym oraz osobom z niepe\u0142nosprawno\u015bciami ruchowymi, poznawczymi, neurologicznymi lub sensorycznymi.<\/p>\n<p>Dostosowanie do WCAG pomaga nam zapewni\u0107, \u017ce strona internetowa mo\u017ce by\u0107 u\u017cywana przez jak najwi\u0119ksz\u0105 liczb\u0119 os\u00f3b, zgodnie z zasadami inkluzywno\u015bci oraz z celem zapewnienia dost\u0119pnego do\u015bwiadczenia przegl\u0105dania dla wszystkich.<\/p>\n<p><a href=\"\/wp-content\/uploads\/2026\/03\/ACR_technical_report_PL.docx\" target=\"_blank\" rel=\"noopener\" download=\"\">POBIERZ DOKUMENT DOTYCZ\u0104CY DOST\u0118PNO\u015aCI<\/a><\/p>\n<p>&nbsp;<\/p>\n<h2><strong>Uwagi, komentarze i informacje zwrotne<\/strong><\/h2>\n<p>Pomimo naszych stara\u0144 mo\u017cliwe jest, \u017ce niekt\u00f3re strony lub sekcje nie s\u0105 jeszcze w pe\u0142ni dost\u0119pne, s\u0105 w trakcie aktualizacji lub nie posiadaj\u0105 jeszcze odpowiedniego rozwi\u0105zania technologicznego umo\u017cliwiaj\u0105cego pe\u0142n\u0105 dost\u0119pno\u015b\u0107.<\/p>\n<p>Nieustannie d\u0105\u017cymy do poprawy dost\u0119pno\u015bci strony internetowej poprzez aktualizacj\u0119 tre\u015bci i funkcjonalno\u015bci oraz wdra\u017canie rozwi\u0105za\u0144 technicznych zgodnych z post\u0119pem technologicznym.<\/p>\n<p>W celu zg\u0142osze\u0144, pr\u00f3\u015bb o wsparcie lub uzyskania dost\u0119pnych alternatyw prosimy o kontakt pod adresem e-mail: <a href=\"mailto:c.guaitolini@sgmmagnetics.com\"><strong>c.guaitolini@sgmmagnetics.com<\/strong><\/a><\/p>\n<p>&nbsp;<\/p>\n<h2><strong>Personalizacja za pomoc\u0105 wid\u017cetu dost\u0119pno\u015bci<\/strong><\/h2>\n<p>Wid\u017cet dost\u0119pno\u015bci dost\u0119pny na stronie internetowej jest narz\u0119dziem, kt\u00f3re przyczynia si\u0119 do poprawy u\u017cyteczno\u015bci tre\u015bci, u\u0142atwiaj\u0105c nawigacj\u0119 oraz zwi\u0119kszaj\u0105c kompatybilno\u015b\u0107 z g\u0142\u00f3wnymi technologiami wspomagaj\u0105cymi.<\/p>\n<p>Dzi\u0119ki konfigurowalnym funkcjom wspiera on inkluzywn\u0105 nawigacj\u0119 dla u\u017cytkownik\u00f3w z niepe\u0142nosprawno\u015bciami wzrokowymi, ruchowymi, poznawczymi i neurologicznymi.<\/p>\n<p><strong>Wid\u017cet jest dost\u0119pny:<\/strong><\/p>\n<ul>\n<li><strong>za pomoc\u0105 klawiatury<\/strong>, na pocz\u0105tku strony (naci\u015bnij TAB)<\/li>\n<li><strong>lub za pomoc\u0105 myszy<\/strong>, w sta\u0142ej pozycji u do\u0142u strony (ikona \u201euniwersalnego dost\u0119pu\u201d)<\/li>\n<\/ul>\n<p><strong>Przyk\u0142ady dost\u0119pnych funkcji:<\/strong><\/p>\n<ul>\n<li><strong>U\u017cytkowanie bez wzroku:<\/strong>\u00a0nawigacja klawiatur\u0105 oraz tryb zgodny z czytnikami ekranu<\/li>\n<li><strong>Ograniczone widzenie:<\/strong>\u00a0powi\u0119kszenie, wysoki kontrast, zmiana czcionek<\/li>\n<li><strong>Zaburzenia widzenia barw:<\/strong>\u00a0wyr\u00f3\u017cnianie link\u00f3w, nag\u0142\u00f3wk\u00f3w i tre\u015bci klikalnych<\/li>\n<li><strong>Ograniczona mobilno\u015b\u0107:<\/strong>\u00a0nawigacja klawiatur\u0105 lub za pomoc\u0105 alternatywnych narz\u0119dzi<\/li>\n<li><strong>Wra\u017cliwo\u015b\u0107 wzrokowa \/ fotosensytywno\u015b\u0107:<\/strong>\u00a0wy\u0142\u0105czenie animacji i aktywacja palet o niskim poziomie bod\u017ac\u00f3w wizualnych<\/li>\n<\/ul>\n<p>Je\u017celi aktywacja kt\u00f3rejkolwiek z funkcji wp\u0142ynie na kompatybilno\u015b\u0107 z Pa\u0144stwa konfiguracj\u0105 lub technologi\u0105 wspomagaj\u0105c\u0105, prosimy o kontakt oraz o tymczasowe wy\u0142\u0105czenie wid\u017cetu za pomoc\u0105 odpowiedniego przycisku.[\/vc_column_text][\/vc_column][vc_column column_padding=&#8221;no-extra-padding&#8221; column_padding_tablet=&#8221;inherit&#8221; column_padding_phone=&#8221;inherit&#8221; column_padding_position=&#8221;all&#8221; flex_gap_desktop=&#8221;10px&#8221; column_element_direction_desktop=&#8221;default&#8221; column_element_spacing=&#8221;default&#8221; desktop_text_alignment=&#8221;default&#8221; tablet_text_alignment=&#8221;default&#8221; phone_text_alignment=&#8221;default&#8221; background_color_opacity=&#8221;1&#8243; background_hover_color_opacity=&#8221;1&#8243; column_backdrop_filter=&#8221;none&#8221; column_shadow=&#8221;none&#8221; column_border_radius=&#8221;none&#8221; column_link_target=&#8221;_self&#8221; column_position=&#8221;default&#8221; gradient_direction=&#8221;left_to_right&#8221; overlay_strength=&#8221;0.3&#8243; width=&#8221;3\/12&#8243; tablet_width_inherit=&#8221;default&#8221; animation_type=&#8221;default&#8221; bg_image_animation=&#8221;none&#8221; border_type=&#8221;simple&#8221; column_border_width=&#8221;none&#8221; column_border_style=&#8221;solid&#8221;][\/vc_column][\/vc_row][vc_row type=&#8221;full_width_background&#8221; full_screen_row_position=&#8221;middle&#8221; column_margin=&#8221;default&#8221; column_direction=&#8221;default&#8221; column_direction_tablet=&#8221;default&#8221; column_direction_phone=&#8221;default&#8221; scene_position=&#8221;center&#8221; text_color=&#8221;dark&#8221; text_align=&#8221;left&#8221; row_border_radius=&#8221;none&#8221; row_border_radius_applies=&#8221;bg&#8221; row_position_desktop=&#8221;default&#8221; row_position_tablet=&#8221;inherit&#8221; row_position_phone=&#8221;inherit&#8221; overflow=&#8221;visible&#8221; advanced_gradient_angle=&#8221;0&#8243; overlay_strength=&#8221;0.3&#8243; gradient_direction=&#8221;left_to_right&#8221; shape_divider_position=&#8221;bottom&#8221; bg_image_animation=&#8221;none&#8221; gradient_type=&#8221;default&#8221; shape_type=&#8221;&#8221;][vc_column column_padding=&#8221;no-extra-padding&#8221; column_padding_tablet=&#8221;inherit&#8221; column_padding_phone=&#8221;inherit&#8221; column_padding_position=&#8221;all&#8221; flex_gap_desktop=&#8221;10px&#8221; column_element_direction_desktop=&#8221;default&#8221; column_element_spacing=&#8221;default&#8221; desktop_text_alignment=&#8221;default&#8221; tablet_text_alignment=&#8221;default&#8221; phone_text_alignment=&#8221;default&#8221; background_color_opacity=&#8221;1&#8243; background_hover_color_opacity=&#8221;1&#8243; column_backdrop_filter=&#8221;none&#8221; column_shadow=&#8221;none&#8221; column_border_radius=&#8221;none&#8221; column_link_target=&#8221;_self&#8221; column_position=&#8221;default&#8221; gradient_direction=&#8221;left_to_right&#8221; overlay_strength=&#8221;0.3&#8243; width=&#8221;1\/1&#8243; tablet_width_inherit=&#8221;default&#8221; animation_type=&#8221;default&#8221; bg_image_animation=&#8221;none&#8221; border_type=&#8221;simple&#8221; column_border_width=&#8221;none&#8221; column_border_style=&#8221;solid&#8221;][divider line_type=&#8221;No Line&#8221; custom_height=&#8221;100px&#8221;][\/vc_column][\/vc_row]\n","protected":false},"excerpt":{"rendered":"<p>[vc_row type=&#8221;full_width_background&#8221; full_screen_row_position=&#8221;middle&#8221; column_margin=&#8221;default&#8221; column_direction=&#8221;default&#8221; column_direction_tablet=&#8221;default&#8221; column_direction_phone=&#8221;default&#8221; scene_position=&#8221;center&#8221; text_color=&#8221;dark&#8221; text_align=&#8221;left&#8221; row_border_radius=&#8221;none&#8221; row_border_radius_applies=&#8221;bg&#8221; row_position_desktop=&#8221;default&#8221; row_position_tablet=&#8221;inherit&#8221; row_position_phone=&#8221;inherit&#8221; overflow=&#8221;visible&#8221; advanced_gradient_angle=&#8221;0&#8243; overlay_strength=&#8221;0.3&#8243; gradient_direction=&#8221;left_to_right&#8221; shape_divider_position=&#8221;bottom&#8221; bg_image_animation=&#8221;none&#8221; gradient_type=&#8221;default&#8221; shape_type=&#8221;&#8221;][vc_column column_padding=&#8221;no-extra-padding&#8221; column_padding_tablet=&#8221;inherit&#8221; column_padding_phone=&#8221;inherit&#8221; column_padding_position=&#8221;all&#8221; flex_gap_desktop=&#8221;10px&#8221; column_element_direction_desktop=&#8221;default&#8221; column_element_spacing=&#8221;default&#8221; desktop_text_alignment=&#8221;default&#8221; tablet_text_alignment=&#8221;default&#8221; phone_text_alignment=&#8221;default&#8221; background_color_opacity=&#8221;1&#8243; background_hover_color_opacity=&#8221;1&#8243; column_backdrop_filter=&#8221;none&#8221; column_shadow=&#8221;none&#8221; column_border_radius=&#8221;none&#8221; column_link_target=&#8221;_self&#8221; column_position=&#8221;default&#8221; gradient_direction=&#8221;left_to_right&#8221; overlay_strength=&#8221;0.3&#8243; width=&#8221;1\/1&#8243; tablet_width_inherit=&#8221;default&#8221; animation_type=&#8221;default&#8221; bg_image_animation=&#8221;none&#8221; border_type=&#8221;simple&#8221; column_border_width=&#8221;none&#8221; column_border_style=&#8221;solid&#8221;][divider line_type=&#8221;No&#8230;<\/p>\n","protected":false},"author":3,"featured_media":0,"parent":0,"menu_order":0,"comment_status":"closed","ping_status":"closed","template":"","meta":{"_acf_changed":false,"inline_featured_image":false,"footnotes":""},"class_list":["post-42341","page","type-page","status-publish"],"acf":[],"_links":{"self":[{"href":"https:\/\/www.sgmmagnetics.com\/pl\/wp-json\/wp\/v2\/pages\/42341","targetHints":{"allow":["GET"]}}],"collection":[{"href":"https:\/\/www.sgmmagnetics.com\/pl\/wp-json\/wp\/v2\/pages"}],"about":[{"href":"https:\/\/www.sgmmagnetics.com\/pl\/wp-json\/wp\/v2\/types\/page"}],"author":[{"embeddable":true,"href":"https:\/\/www.sgmmagnetics.com\/pl\/wp-json\/wp\/v2\/users\/3"}],"replies":[{"embeddable":true,"href":"https:\/\/www.sgmmagnetics.com\/pl\/wp-json\/wp\/v2\/comments?post=42341"}],"version-history":[{"count":5,"href":"https:\/\/www.sgmmagnetics.com\/pl\/wp-json\/wp\/v2\/pages\/42341\/revisions"}],"predecessor-version":[{"id":43245,"href":"https:\/\/www.sgmmagnetics.com\/pl\/wp-json\/wp\/v2\/pages\/42341\/revisions\/43245"}],"wp:attachment":[{"href":"https:\/\/www.sgmmagnetics.com\/pl\/wp-json\/wp\/v2\/media?parent=42341"}],"curies":[{"name":"wp","href":"https:\/\/api.w.org\/{rel}","templated":true}]}}