{"id":35351,"date":"2024-05-23T09:58:31","date_gmt":"2024-05-23T07:58:31","guid":{"rendered":"https:\/\/www.sgmmagnetics.com\/privacy-policy\/"},"modified":"2025-02-20T09:00:27","modified_gmt":"2025-02-20T08:00:27","slug":"polityka-prywatnosci","status":"publish","type":"page","link":"https:\/\/www.sgmmagnetics.com\/pl\/polityka-prywatnosci\/","title":{"rendered":"Privacy Policy"},"content":{"rendered":"[vc_row type=&#8221;in_container&#8221; full_screen_row_position=&#8221;middle&#8221; column_margin=&#8221;default&#8221; column_direction=&#8221;default&#8221; column_direction_tablet=&#8221;default&#8221; column_direction_phone=&#8221;default&#8221; scene_position=&#8221;center&#8221; text_color=&#8221;dark&#8221; text_align=&#8221;left&#8221; row_border_radius=&#8221;none&#8221; row_border_radius_applies=&#8221;bg&#8221; overflow=&#8221;visible&#8221; overlay_strength=&#8221;0.3&#8243; gradient_direction=&#8221;left_to_right&#8221; shape_divider_position=&#8221;bottom&#8221; bg_image_animation=&#8221;none&#8221;][vc_column column_padding=&#8221;no-extra-padding&#8221; column_padding_tablet=&#8221;inherit&#8221; column_padding_phone=&#8221;inherit&#8221; column_padding_position=&#8221;all&#8221; column_element_direction_desktop=&#8221;default&#8221; column_element_spacing=&#8221;default&#8221; desktop_text_alignment=&#8221;default&#8221; tablet_text_alignment=&#8221;default&#8221; phone_text_alignment=&#8221;default&#8221; background_color_opacity=&#8221;1&#8243; background_hover_color_opacity=&#8221;1&#8243; column_backdrop_filter=&#8221;none&#8221; column_shadow=&#8221;none&#8221; column_border_radius=&#8221;none&#8221; column_link_target=&#8221;_self&#8221; column_position=&#8221;default&#8221; gradient_direction=&#8221;left_to_right&#8221; overlay_strength=&#8221;0.3&#8243; width=&#8221;2\/12&#8243; tablet_width_inherit=&#8221;default&#8221; animation_type=&#8221;default&#8221; bg_image_animation=&#8221;none&#8221; border_type=&#8221;simple&#8221; column_border_width=&#8221;none&#8221; column_border_style=&#8221;solid&#8221;][\/vc_column][vc_column column_padding=&#8221;no-extra-padding&#8221; column_padding_tablet=&#8221;inherit&#8221; column_padding_phone=&#8221;inherit&#8221; column_padding_position=&#8221;all&#8221; column_element_direction_desktop=&#8221;default&#8221; column_element_spacing=&#8221;default&#8221; desktop_text_alignment=&#8221;default&#8221; tablet_text_alignment=&#8221;default&#8221; phone_text_alignment=&#8221;default&#8221; background_color_opacity=&#8221;1&#8243; background_hover_color_opacity=&#8221;1&#8243; column_backdrop_filter=&#8221;none&#8221; column_shadow=&#8221;none&#8221; column_border_radius=&#8221;none&#8221; column_link_target=&#8221;_self&#8221; column_position=&#8221;default&#8221; gradient_direction=&#8221;left_to_right&#8221; overlay_strength=&#8221;0.3&#8243; width=&#8221;8\/12&#8243; tablet_width_inherit=&#8221;default&#8221; animation_type=&#8221;default&#8221; bg_image_animation=&#8221;none&#8221; border_type=&#8221;simple&#8221; column_border_width=&#8221;none&#8221; column_border_style=&#8221;solid&#8221;][vc_column_text css=&#8221;&#8221; text_direction=&#8221;default&#8221;]\n<h1>Polityka prywatno\u015bci i plik\u00f3w cookie strony www.sgmmagnetics.com<\/h1>\n<p>&nbsp;<\/p>\n<h2>Administrator danych<\/h2>\n<p>Administratorem danych zebranych za po\u015brednictwem strony www.sgmmagnetics.com jest SGM MAGNETICS S.P.A. z siedzib\u0105 w via Leno 2\/D &#8211; I-25025 Manerbio (BS) &#8211; W\u0142ochy; telefon<\/p>\n<p>+39 030 9938400<\/p>\n<p><strong>Inspektor ochrony danych<\/strong><\/p>\n<p>Operacje przetwarzania zwi\u0105zane z us\u0142ugami internetowymi oferowanymi za po\u015brednictwem tej witryny odbywaj\u0105 si\u0119 w wy\u017cej wymienionych obiektach SGM MAGNETICS S.P.A. i s\u0105 wykonywane wy\u0142\u0105cznie przez upowa\u017cniony personel.<\/p>\n<p>&nbsp;<\/p>\n<h2>Sposoby przetwarzania danych<\/h2>\n<p>Przetwarzanie danych opiera si\u0119 na zasadach poprawno\u015bci, zgodno\u015bci z prawem i przejrzysto\u015bci, a tak\u017ce mo\u017ce odbywa\u0107 si\u0119 przy u\u017cyciu zautomatyzowanych metod przechowywania, zarz\u0105dzania i przesy\u0142ania danych oraz odbywa si\u0119 za pomoc\u0105 odpowiednich instrument\u00f3w, o ile jest to konieczne i zgodne z aktualnym stanem wiedzy, w celu zagwarantowania ich bezpiecze\u0144stwa i poufno\u015bci poprzez zastosowanie odpowiednich procedur, kt\u00f3re pozwalaj\u0105 unikn\u0105\u0107 ryzyka utraty, nieuprawnionego dost\u0119pu, niezgodnego z prawem wykorzystania i rozpowszechniania.<\/p>\n<p>&nbsp;<\/p>\n<h2>Pytania og\u00f3lne<\/h2>\n<p>Je\u015bli u\u017cytkownik skontaktuje si\u0119 z SGM MAGNETICS S.P.A. z zapytaniem, mo\u017ce by\u0107 zmuszony do podania SGM MAGNETICS S.P.A. danych osobowych (np. danych kontaktowych). SGM MAGNETICS S.P.A wykorzysta te dane osobowe do udzielenia odpowiedzi na zapytania i \u015bledzenia dalszej korespondencji. Za wyra\u017an\u0105 zgod\u0105 informacje te mog\u0105 by\u0107 r\u00f3wnie\u017c wykorzystywane do cel\u00f3w marketingowych oraz do gromadzenia statystyk dotycz\u0105cych zarz\u0105dzania odpowiedziami itp.<\/p>\n<p>&nbsp;<\/p>\n<h2>Rejestracja<\/h2>\n<p>Je\u015bli u\u017cytkownik chce subskrybowa\u0107 informacje udost\u0119pniane przez SGM MAGNETICS S.P.A., takie jak biuletyny, recenzje itp. SGM MAGNETICS S.P.A. poprosi o podanie adresu e-mail i innych informacji istotnych i niezb\u0119dnych do spe\u0142nienia pro\u015bby oraz, pod warunkiem uzyskania uprzedniej zgody, wykorzysta ten adres e-mail i inne informacje zebrane w celu spe\u0142nienia takich pr\u00f3\u015bb. U\u017cytkownicy mog\u0105 w dowolnym momencie zrezygnowa\u0107 z subskrypcji dowolnej us\u0142ugi, wysy\u0142aj\u0105c \u017c\u0105danie na adres social@sgmmagnetics.com. Cofni\u0119cie zgody nie wp\u0142ywa na zgodno\u015b\u0107 z prawem przetwarzania opartego na zgodzie przed jej cofni\u0119ciem.<\/p>\n<p>&nbsp;<\/p>\n<h2>Marketing<\/h2>\n<p>SGM MAGNETICS S.P.A., za zgod\u0105 zainteresowanej strony, mo\u017ce wykorzystywa\u0107 informacje zebrane od u\u017cytkownik\u00f3w do cel\u00f3w handlowych i marketingowych, w tym marketingu e-mailowego. Mo\u017ce \u0142\u0105czy\u0107 te informacje z danymi uzyskanymi z innych \u017ar\u00f3de\u0142, aby pom\u00f3c SGM MAGNETICS S.P.A. poprawi\u0107 ich dok\u0142adno\u015b\u0107 i kompletno\u015b\u0107 oraz dostosowa\u0107 interakcj\u0119 z u\u017cytkownikami. U\u017cytkownicy mog\u0105 zrezygnowa\u0107 z otrzymywania materia\u0142\u00f3w marketingowych, post\u0119puj\u0105c zgodnie z instrukcjami rezygnacji z subskrypcji zawartymi w ka\u017cdej wiadomo\u015bci e-mail.<\/p>\n<p>&nbsp;<\/p>\n<h2>Link zewn\u0119trzny<\/h2>\n<p>Niniejsza witryna mo\u017ce zawiera\u0107 \u0142\u0105cza do innych witryn, a SGM MAGNETICS S.P.A. nie ponosi odpowiedzialno\u015bci za polityk\u0119 prywatno\u015bci ani praktyki stosowane przez takie inne witryny. Niniejsza polityka prywatno\u015bci dotyczy wy\u0142\u0105cznie informacji gromadzonych przez niniejsz\u0105 witryn\u0119. Inne firmy lub strony internetowe, do kt\u00f3rych linki znajduj\u0105 si\u0119 na tej stronie, mog\u0105 mie\u0107 w\u0142asne polityki prywatno\u015bci. Dlatego zach\u0119camy do zapoznania si\u0119 z polityk\u0105 prywatno\u015bci ka\u017cdej z odwiedzanych lub przegl\u0105danych stron internetowych.<\/p>\n<p>&nbsp;<\/p>\n<h2><strong>Cookies<\/strong><\/h2>\n<p>Systemy komputerowe i procedury oprogramowania u\u017cywane do obs\u0142ugi tej strony internetowej uzyskuj\u0105, podczas ich normalnego dzia\u0142ania, pewne dane osobowe, kt\u00f3rych transmisja jest dorozumiana z wykorzystaniem protoko\u0142\u00f3w komunikacji internetowej. Informacje te nie s\u0105 gromadzone w celu powi\u0105zania ze zidentyfikowanymi zainteresowanymi stronami, ale ze wzgl\u0119du na sw\u00f3j charakter mog\u0105, poprzez przetwarzanie i powi\u0105zanie z danymi przechowywanymi przez osoby trzecie, umo\u017cliwi\u0107 identyfikacj\u0119 u\u017cytkownik\u00f3w.<\/p>\n<p>Ta kategoria danych obejmuje adresy IP lub nazwy domen komputer\u00f3w u\u017cywanych przez u\u017cytkownik\u00f3w \u0142\u0105cz\u0105cych si\u0119 z witryn\u0105, adresy URI (Uniform Resource Identifier) \u017c\u0105danych zasob\u00f3w, czas \u017c\u0105dania, metod\u0119 u\u017cyt\u0105 do przes\u0142ania \u017c\u0105dania do serwera, rozmiar pliku uzyskanego w odpowiedzi, kod numeryczny wskazuj\u0105cy status odpowiedzi udzielonej przez serwer (powodzenie, b\u0142\u0105d itp.) oraz inne parametry zwi\u0105zane z systemem operacyjnym i \u015brodowiskiem komputerowym u\u017cytkownika. Opcjonalne, wyra\u017ane i dobrowolne wysy\u0142anie poczty elektronicznej na adresy wskazane na tej stronie i\/lub wype\u0142nianie formularzy gromadzenia danych wi\u0105\u017ce si\u0119 z p\u00f3\u017aniejszym uzyskaniem adresu nadawcy, kt\u00f3ry jest niezb\u0119dny do udzielenia odpowiedzi na zapytania, a tak\u017ce wszelkich innych wprowadzonych danych osobowych.<\/p>\n<p>&nbsp;<\/p>\n<h2>Zmiany w polityce prywatno\u015bci SGM MAGNETICS S.P.A.<\/h2>\n<p>SGM MAGNETICS S.P.A ma prawo do wprowadzania zmian w niniejszej polityce od czasu do czasu. U\u017cytkownicy tej strony internetowej s\u0105 proszeni o okresowe sprawdzanie niniejszej polityki prywatno\u015bci pod k\u0105tem nowych praktyk lub zmian.<\/p>\n<p>&nbsp;<\/p>\n<h2>Prawa u\u017cytkownika<\/h2>\n<p>W odniesieniu do danych osobowych przetwarzanych przez SGM MAGNETICS S.P.A. u\u017cytkownik mo\u017ce korzysta\u0107 z praw przewidzianych w rozdziale III rozporz\u0105dzenia UE 2016\/679 w granicach i na warunkach przewidzianych w wy\u017cej wymienionym rozporz\u0105dzeniu.<\/p>\n<p>W przypadku wyra\u017cenia zgody na przetwarzanie danych zgodnie z wnioskiem SGM MAGNETICS S.P.A. informujemy, \u017ce mo\u017cna j\u0105 wycofa\u0107 w dowolnym momencie, bez uszczerbku dla obowi\u0105zkowych wymog\u00f3w przewidzianych w przepisach obowi\u0105zuj\u0105cych w momencie z\u0142o\u017cenia wniosku o wycofanie zgody, kontaktuj\u0105c si\u0119 z administratorem danych na podane poni\u017cej dane kontaktowe. Cofni\u0119cie zgody nie wp\u0142ywa na zgodno\u015b\u0107 z prawem przetwarzania opartego na zgodzie udzielonej przed jej cofni\u0119ciem.<\/p>\n<p>&nbsp;<\/p>\n<h2>Jak skontaktowa\u0107 si\u0119 z SGM MAGNETICS S.P.A w sprawie polityki prywatno\u015bci tej strony?<\/h2>\n<p>W przypadku pyta\u0144, w\u0105tpliwo\u015bci lub spor\u00f3w dotycz\u0105cych polityki prywatno\u015bci SGM MAGNETICS S.P.A., u\u017cytkownicy proszeni s\u0105 o wys\u0142anie wiadomo\u015bci e-mail na adres social@sgmmagnetic.com.<\/p>\n<p>Prawo do z\u0142o\u017cenia skargi<\/p>\n<p>Osoby, kt\u00f3rych dane dotycz\u0105 i kt\u00f3re uwa\u017caj\u0105, \u017ce przetwarzanie ich danych osobowych za po\u015brednictwem tej strony internetowej narusza przepisy Rozporz\u0105dzenia, maj\u0105 prawo do z\u0142o\u017cenia skargi do Urz\u0119du Ochrony Danych Osobowych, zgodnie z art. 77 Rozporz\u0105dzenia, lub do podj\u0119cia krok\u00f3w prawnych (art. 79 Rozporz\u0105dzenia).<\/p>\n<p>&nbsp;<\/p>\n<h2 id=\"cookie-policy\"><strong>Polityka plik\u00f3w cookie<\/strong><\/h2>\n<p><script id=\"CookieDeclaration\" src=\"https:\/\/consent.cookiebot.com\/961bae2c-fb30-435d-a547-7b8e607b48bc\/cd.js\" type=\"text\/javascript\" async><\/script>[\/vc_column_text][\/vc_column][vc_column column_padding=&#8221;no-extra-padding&#8221; column_padding_tablet=&#8221;inherit&#8221; column_padding_phone=&#8221;inherit&#8221; column_padding_position=&#8221;all&#8221; column_element_direction_desktop=&#8221;default&#8221; column_element_spacing=&#8221;default&#8221; desktop_text_alignment=&#8221;default&#8221; tablet_text_alignment=&#8221;default&#8221; phone_text_alignment=&#8221;default&#8221; background_color_opacity=&#8221;1&#8243; background_hover_color_opacity=&#8221;1&#8243; column_backdrop_filter=&#8221;none&#8221; column_shadow=&#8221;none&#8221; column_border_radius=&#8221;none&#8221; column_link_target=&#8221;_self&#8221; column_position=&#8221;default&#8221; gradient_direction=&#8221;left_to_right&#8221; overlay_strength=&#8221;0.3&#8243; width=&#8221;2\/12&#8243; tablet_width_inherit=&#8221;default&#8221; animation_type=&#8221;default&#8221; bg_image_animation=&#8221;none&#8221; border_type=&#8221;simple&#8221; column_border_width=&#8221;none&#8221; column_border_style=&#8221;solid&#8221;][\/vc_column][\/vc_row]\n","protected":false},"excerpt":{"rendered":"<p>[vc_row type=&#8221;in_container&#8221; full_screen_row_position=&#8221;middle&#8221; column_margin=&#8221;default&#8221; column_direction=&#8221;default&#8221; column_direction_tablet=&#8221;default&#8221; column_direction_phone=&#8221;default&#8221; scene_position=&#8221;center&#8221; text_color=&#8221;dark&#8221; text_align=&#8221;left&#8221; row_border_radius=&#8221;none&#8221; row_border_radius_applies=&#8221;bg&#8221; overflow=&#8221;visible&#8221; overlay_strength=&#8221;0.3&#8243; gradient_direction=&#8221;left_to_right&#8221; shape_divider_position=&#8221;bottom&#8221; bg_image_animation=&#8221;none&#8221;][vc_column column_padding=&#8221;no-extra-padding&#8221; column_padding_tablet=&#8221;inherit&#8221; column_padding_phone=&#8221;inherit&#8221; column_padding_position=&#8221;all&#8221; column_element_direction_desktop=&#8221;default&#8221; column_element_spacing=&#8221;default&#8221; desktop_text_alignment=&#8221;default&#8221; tablet_text_alignment=&#8221;default&#8221; phone_text_alignment=&#8221;default&#8221; background_color_opacity=&#8221;1&#8243; background_hover_color_opacity=&#8221;1&#8243; column_backdrop_filter=&#8221;none&#8221; column_shadow=&#8221;none&#8221; column_border_radius=&#8221;none&#8221; column_link_target=&#8221;_self&#8221; column_position=&#8221;default&#8221; gradient_direction=&#8221;left_to_right&#8221; overlay_strength=&#8221;0.3&#8243; width=&#8221;2\/12&#8243; tablet_width_inherit=&#8221;default&#8221; animation_type=&#8221;default&#8221; bg_image_animation=&#8221;none&#8221; border_type=&#8221;simple&#8221; column_border_width=&#8221;none&#8221; column_border_style=&#8221;solid&#8221;][\/vc_column][vc_column column_padding=&#8221;no-extra-padding&#8221; column_padding_tablet=&#8221;inherit&#8221; column_padding_phone=&#8221;inherit&#8221; column_padding_position=&#8221;all&#8221; column_element_direction_desktop=&#8221;default&#8221; column_element_spacing=&#8221;default&#8221; desktop_text_alignment=&#8221;default&#8221; tablet_text_alignment=&#8221;default&#8221;&#8230;<\/p>\n","protected":false},"author":3,"featured_media":0,"parent":0,"menu_order":0,"comment_status":"closed","ping_status":"closed","template":"","meta":{"_acf_changed":false,"inline_featured_image":false,"footnotes":""},"class_list":["post-35351","page","type-page","status-publish"],"acf":[],"_links":{"self":[{"href":"https:\/\/www.sgmmagnetics.com\/pl\/wp-json\/wp\/v2\/pages\/35351","targetHints":{"allow":["GET"]}}],"collection":[{"href":"https:\/\/www.sgmmagnetics.com\/pl\/wp-json\/wp\/v2\/pages"}],"about":[{"href":"https:\/\/www.sgmmagnetics.com\/pl\/wp-json\/wp\/v2\/types\/page"}],"author":[{"embeddable":true,"href":"https:\/\/www.sgmmagnetics.com\/pl\/wp-json\/wp\/v2\/users\/3"}],"replies":[{"embeddable":true,"href":"https:\/\/www.sgmmagnetics.com\/pl\/wp-json\/wp\/v2\/comments?post=35351"}],"version-history":[{"count":3,"href":"https:\/\/www.sgmmagnetics.com\/pl\/wp-json\/wp\/v2\/pages\/35351\/revisions"}],"predecessor-version":[{"id":35354,"href":"https:\/\/www.sgmmagnetics.com\/pl\/wp-json\/wp\/v2\/pages\/35351\/revisions\/35354"}],"wp:attachment":[{"href":"https:\/\/www.sgmmagnetics.com\/pl\/wp-json\/wp\/v2\/media?parent=35351"}],"curies":[{"name":"wp","href":"https:\/\/api.w.org\/{rel}","templated":true}]}}