{"id":34127,"date":"2022-06-08T14:48:00","date_gmt":"2022-06-08T12:48:00","guid":{"rendered":"https:\/\/www.sgmmagnetics.com\/magneti-sollevamento\/"},"modified":"2025-10-15T15:47:27","modified_gmt":"2025-10-15T13:47:27","slug":"chwytniki-magnetyczne","status":"publish","type":"page","link":"https:\/\/www.sgmmagnetics.com\/pl\/chwytniki-magnetyczne\/","title":{"rendered":"Chwytniki magnetyczne"},"content":{"rendered":"[vc_row type=&#8221;full_width_background&#8221; full_screen_row_position=&#8221;middle&#8221; column_margin=&#8221;default&#8221; equal_height=&#8221;yes&#8221; column_direction=&#8221;default&#8221; column_direction_tablet=&#8221;default&#8221; column_direction_phone=&#8221;default&#8221; bg_image=&#8221;10924&#8243; bg_position=&#8221;left top&#8221; background_image_loading=&#8221;default&#8221; bg_repeat=&#8221;no-repeat&#8221; full_height=&#8221;yes&#8221; video_bg=&#8221;use_video&#8221; video_mp4=&#8221;\/wp-content\/uploads\/2024\/04\/Video in testata_lifting homepage.mp4&#8243; background_video_loading=&#8221;default&#8221; scene_position=&#8221;center&#8221; top_padding=&#8221;0&#8243; constrain_group_1=&#8221;yes&#8221; bottom_padding=&#8221;0&#8243; left_padding_desktop=&#8221;0&#8243; constrain_group_2=&#8221;yes&#8221; right_padding_desktop=&#8221;0&#8243; top_padding_tablet=&#8221;120&#8243; constrain_group_3=&#8221;yes&#8221; bottom_padding_tablet=&#8221;120&#8243; top_padding_phone=&#8221;120&#8243; constrain_group_5=&#8221;yes&#8221; bottom_padding_phone=&#8221;120&#8243; top_margin=&#8221;0&#8243; constrain_group_7=&#8221;yes&#8221; bottom_margin=&#8221;0&#8243; left_margin=&#8221;0&#8243; constrain_group_8=&#8221;yes&#8221; right_margin=&#8221;0&#8243; text_color=&#8221;light&#8221; text_align=&#8221;center&#8221; row_border_radius=&#8221;none&#8221; row_border_radius_applies=&#8221;bg&#8221; overflow=&#8221;visible&#8221; color_overlay=&#8221;rgba(10,10,10,0.8)&#8221; advanced_gradient_angle=&#8221;0&#8243; overlay_strength=&#8221;0.8&#8243; gradient_direction=&#8221;left_to_right&#8221; shape_divider_position=&#8221;bottom&#8221; bg_image_animation=&#8221;none&#8221; gradient_type=&#8221;default&#8221; shape_type=&#8221;&#8221;][vc_column column_padding=&#8221;no-extra-padding&#8221; column_padding_tablet=&#8221;inherit&#8221; column_padding_phone=&#8221;inherit&#8221; column_padding_position=&#8221;all&#8221; column_element_direction_desktop=&#8221;default&#8221; column_element_spacing=&#8221;default&#8221; centered_text=&#8221;true&#8221; desktop_text_alignment=&#8221;default&#8221; tablet_text_alignment=&#8221;default&#8221; phone_text_alignment=&#8221;default&#8221; background_color_opacity=&#8221;1&#8243; background_hover_color_opacity=&#8221;1&#8243; column_backdrop_filter=&#8221;none&#8221; column_shadow=&#8221;none&#8221; column_border_radius=&#8221;none&#8221; column_link_target=&#8221;_self&#8221; column_position=&#8221;default&#8221; advanced_gradient_angle=&#8221;0&#8243; gradient_direction=&#8221;left_to_right&#8221; overlay_strength=&#8221;0.3&#8243; width=&#8221;3\/12&#8243; tablet_width_inherit=&#8221;default&#8221; animation_type=&#8221;default&#8221; bg_image_animation=&#8221;none&#8221; border_type=&#8221;simple&#8221; column_border_width=&#8221;none&#8221; column_border_style=&#8221;solid&#8221; gradient_type=&#8221;default&#8221; offset=&#8221;vc_hidden-sm vc_hidden-xs&#8221;][\/vc_column][vc_column column_padding=&#8221;no-extra-padding&#8221; column_padding_tablet=&#8221;padding-2-percent&#8221; column_padding_phone=&#8221;padding-2-percent&#8221; column_padding_position=&#8221;all&#8221; column_element_direction_desktop=&#8221;default&#8221; column_element_spacing=&#8221;default&#8221; centered_text=&#8221;true&#8221; desktop_text_alignment=&#8221;default&#8221; tablet_text_alignment=&#8221;default&#8221; phone_text_alignment=&#8221;default&#8221; background_color_opacity=&#8221;1&#8243; background_hover_color_opacity=&#8221;1&#8243; column_backdrop_filter=&#8221;none&#8221; column_shadow=&#8221;none&#8221; column_border_radius=&#8221;none&#8221; column_link_target=&#8221;_self&#8221; column_position=&#8221;default&#8221; advanced_gradient_angle=&#8221;0&#8243; gradient_direction=&#8221;left_to_right&#8221; overlay_strength=&#8221;0.3&#8243; width=&#8221;6\/12&#8243; tablet_width_inherit=&#8221;default&#8221; animation_type=&#8221;default&#8221; bg_image_animation=&#8221;none&#8221; border_type=&#8221;simple&#8221; column_border_width=&#8221;none&#8221; column_border_style=&#8221;solid&#8221; gradient_type=&#8221;default&#8221; column_padding_type=&#8221;default&#8221;][vc_column_text css=&#8221;&#8221; text_direction=&#8221;default&#8221;]\n<h1>Chwytniki magnetyczne<\/h1>\n[\/vc_column_text][vc_column_text css=&#8221;.vc_custom_1760535985767{margin-bottom: 30px !important;}&#8221; text_direction=&#8221;default&#8221;]\n<h3>\u015awiatowy lider w dziedzinie elektromagnes\u00f3w do podnoszenia dla zastosowa\u0144 przemys\u0142owych, ceniony za nasz\u0105 sprawdzon\u0105 wiedz\u0119 i najnowocze\u015bniejsz\u0105 technologi\u0119.<\/h3>\n[\/vc_column_text][\/vc_column][vc_column column_padding=&#8221;no-extra-padding&#8221; column_padding_tablet=&#8221;inherit&#8221; column_padding_phone=&#8221;inherit&#8221; column_padding_position=&#8221;all&#8221; column_element_direction_desktop=&#8221;default&#8221; column_element_spacing=&#8221;default&#8221; desktop_text_alignment=&#8221;default&#8221; tablet_text_alignment=&#8221;default&#8221; phone_text_alignment=&#8221;default&#8221; background_color_opacity=&#8221;1&#8243; background_hover_color_opacity=&#8221;1&#8243; column_backdrop_filter=&#8221;none&#8221; column_shadow=&#8221;none&#8221; column_border_radius=&#8221;none&#8221; column_link_target=&#8221;_self&#8221; column_position=&#8221;default&#8221; advanced_gradient_angle=&#8221;0&#8243; gradient_direction=&#8221;left_to_right&#8221; overlay_strength=&#8221;0.3&#8243; width=&#8221;3\/12&#8243; tablet_width_inherit=&#8221;default&#8221; animation_type=&#8221;default&#8221; bg_image_animation=&#8221;none&#8221; border_type=&#8221;simple&#8221; column_border_width=&#8221;none&#8221; column_border_style=&#8221;solid&#8221; gradient_type=&#8221;default&#8221; offset=&#8221;vc_hidden-sm vc_hidden-xs&#8221;][\/vc_column][\/vc_row][vc_row type=&#8221;full_width_background&#8221; full_screen_row_position=&#8221;middle&#8221; column_margin=&#8221;default&#8221; column_direction=&#8221;default&#8221; column_direction_tablet=&#8221;default&#8221; column_direction_phone=&#8221;default&#8221; bg_color=&#8221;#000b2c&#8221; scene_position=&#8221;center&#8221; top_padding=&#8221;115&#8243; top_padding_tablet=&#8221;80&#8243; top_padding_phone=&#8221;80&#8243; text_color=&#8221;light&#8221; text_align=&#8221;center&#8221; row_border_radius=&#8221;none&#8221; row_border_radius_applies=&#8221;bg&#8221; overflow=&#8221;visible&#8221; advanced_gradient_angle=&#8221;0&#8243; overlay_strength=&#8221;0.3&#8243; gradient_direction=&#8221;left_to_right&#8221; shape_divider_position=&#8221;bottom&#8221; bg_image_animation=&#8221;none&#8221; gradient_type=&#8221;default&#8221; shape_type=&#8221;&#8221;][vc_column column_padding=&#8221;no-extra-padding&#8221; column_padding_tablet=&#8221;inherit&#8221; column_padding_phone=&#8221;inherit&#8221; column_padding_position=&#8221;all&#8221; column_element_direction_desktop=&#8221;default&#8221; column_element_spacing=&#8221;default&#8221; desktop_text_alignment=&#8221;default&#8221; tablet_text_alignment=&#8221;default&#8221; phone_text_alignment=&#8221;default&#8221; background_color_opacity=&#8221;1&#8243; background_hover_color_opacity=&#8221;1&#8243; column_backdrop_filter=&#8221;none&#8221; column_shadow=&#8221;none&#8221; column_border_radius=&#8221;none&#8221; column_link_target=&#8221;_self&#8221; column_position=&#8221;default&#8221; gradient_direction=&#8221;left_to_right&#8221; overlay_strength=&#8221;0.3&#8243; width=&#8221;3\/12&#8243; tablet_width_inherit=&#8221;default&#8221; animation_type=&#8221;default&#8221; bg_image_animation=&#8221;none&#8221; border_type=&#8221;simple&#8221; column_border_width=&#8221;none&#8221; column_border_style=&#8221;solid&#8221;][\/vc_column][vc_column column_padding=&#8221;no-extra-padding&#8221; column_padding_tablet=&#8221;padding-2-percent&#8221; column_padding_phone=&#8221;padding-2-percent&#8221; column_padding_position=&#8221;all&#8221; column_element_direction_desktop=&#8221;default&#8221; column_element_spacing=&#8221;default&#8221; desktop_text_alignment=&#8221;default&#8221; tablet_text_alignment=&#8221;default&#8221; phone_text_alignment=&#8221;default&#8221; background_color_opacity=&#8221;1&#8243; background_hover_color_opacity=&#8221;1&#8243; column_backdrop_filter=&#8221;none&#8221; column_shadow=&#8221;none&#8221; column_border_radius=&#8221;none&#8221; column_link_target=&#8221;_self&#8221; column_position=&#8221;default&#8221; gradient_direction=&#8221;left_to_right&#8221; overlay_strength=&#8221;0.3&#8243; width=&#8221;6\/12&#8243; tablet_width_inherit=&#8221;default&#8221; animation_type=&#8221;default&#8221; bg_image_animation=&#8221;none&#8221; border_type=&#8221;simple&#8221; column_border_width=&#8221;none&#8221; column_border_style=&#8221;solid&#8221; column_padding_type=&#8221;default&#8221; gradient_type=&#8221;default&#8221;][vc_column_text css=&#8221;&#8221; text_direction=&#8221;default&#8221;]Dzi\u0119ki 70-letniemu do\u015bwiadczeniu, SGM Magnetics znajduje si\u0119 w czo\u0142\u00f3wce projektowania i produkcji wysokowydajnych elektromagnes\u00f3w do podnoszenia dla najbardziej wymagaj\u0105cych zastosowa\u0144 przemys\u0142owych. Od naszych pocz\u0105tk\u00f3w w 1954 roku, kiedy specjalizowali\u015bmy si\u0119 w z\u0142omie, k\u0119sach i bramach, rozszerzyli\u015bmy nasze kompetencje na pe\u0142ne spektrum zastosowa\u0144 zwi\u0105zanych z podnoszeniem magnetycznym, obejmuj\u0105c huty stali, centra serwisowe, magazyny, porty i stocznie. Nasze rozwi\u0105zania in\u017cynieryjne na zam\u00f3wienie zosta\u0142y r\u00f3wnie\u017c wdro\u017cone w operacjach specjalistycznych, takich jak za\u0142adunek i roz\u0142adunek bram ze statk\u00f3w, obs\u0142uga bardzo d\u0142ugich szyn (do 400 m) dla poci\u0105g\u00f3w du\u017cych pr\u0119dko\u015bci czy transport rur na morskich platformach wiertniczych.<\/p>\n<p>Nasza d\u0142ugoletnia reputacja w bran\u017cy zdoby\u0142a nam zaufanie czo\u0142owych graczy na ca\u0142ym \u015bwiecie. Niezliczone referencje klient\u00f3w zgromadzone na wszystkich kontynentach s\u0105 dowodem naszego zaanga\u017cowania w doskona\u0142o\u015b\u0107. Nasze elektromagnesy do podnoszenia to nie tylko produkty \u2014 to zaawansowane rozwi\u0105zania bezpiecze\u0144stwa, kt\u00f3re spe\u0142niaj\u0105 najbardziej rygorystyczne wymagania operacyjne.[\/vc_column_text][divider line_type=&#8221;No Line&#8221; custom_height=&#8221;100px&#8221; custom_height_tablet=&#8221;50px&#8221; custom_height_phone=&#8221;50px&#8221;][vc_column_text css=&#8221;&#8221; text_direction=&#8221;default&#8221;]\n<h2 style=\"text-align: left;\">Rozwi\u0105zania na miar\u0119 dla maksymalnego bezpiecze\u0144stwa i wydajno\u015bci<\/h2>\n[\/vc_column_text][vc_column_text css=&#8221;&#8221; text_direction=&#8221;default&#8221;]\n<p style=\"text-align: left;\">W podnoszeniu magnetycznym bezpiecze\u0144stwo jest najwa\u017cniejsze. W przeciwie\u0144stwie do standardowych rozwi\u0105za\u0144 katalogowych, SGM uwa\u017ca, \u017ce ka\u017cde zastosowanie wymaga indywidualnie zaprojektowanego podej\u015bcia. Nasza wiedza specjalistyczna polega na projektowaniu i produkcji niestandardowych rozwi\u0105za\u0144 podnosz\u0105cych, kt\u00f3re zapewniaj\u0105, \u017ce ka\u017cdy system jest zoptymalizowany do swojego specyficznego zastosowania, gwarantuj\u0105c maksymalne bezpiecze\u0144stwo, niezawodno\u015b\u0107 i efektywno\u015b\u0107.<\/p>\n[\/vc_column_text][divider line_type=&#8221;No Line&#8221; custom_height=&#8221;100px&#8221; custom_height_tablet=&#8221;50px&#8221; custom_height_phone=&#8221;50px&#8221;][vc_column_text css=&#8221;&#8221; text_direction=&#8221;default&#8221;]\n<h2 style=\"text-align: left;\">Pionier w technologii podnoszenia magnetycznego<\/h2>\n[\/vc_column_text][vc_column_text css=&#8221;&#8221; text_direction=&#8221;default&#8221;]\n<p style=\"text-align: left;\">Jako globalny lider technologiczny, SGM posiada wiele w\u0142asnych rozwi\u0105za\u0144 i jako pierwszy wprowadzi\u0142 na rynek elektromagnesy elektropermanentne (EPR). Ta technologia wymaga jedynie kr\u00f3tkiego impulsu elektrycznego do aktywacji i dezaktywacji, zapewniaj\u0105c wi\u0119ksz\u0105 efektywno\u015b\u0107 energetyczn\u0105 i niezr\u00f3wnane bezpiecze\u0144stwo operacyjne.<\/p>\n[\/vc_column_text][divider line_type=&#8221;No Line&#8221; custom_height=&#8221;100px&#8221; custom_height_tablet=&#8221;50px&#8221; custom_height_phone=&#8221;50px&#8221;][vc_column_text css=&#8221;&#8221; text_direction=&#8221;default&#8221;]\n<h2 style=\"text-align: left;\">Wsparcie i serwis skoncentrowane na kliencie<\/h2>\n[\/vc_column_text][vc_column_text css=&#8221;&#8221; text_direction=&#8221;default&#8221;]\n<p style=\"text-align: left;\">SGM zapewnia swoim klientom sta\u0142e wsparcie ze strony naszego zespo\u0142u ekspert\u00f3w technicznych. Dzi\u0119ki globalnej sieci technik\u00f3w gwarantujemy szybk\u0105 pomoc na miejscu i zdalnie, minimalizuj\u0105c przestoje i zapewniaj\u0105c najwy\u017cszy poziom bezpiecze\u0144stwa oraz produktywno\u015bci dla naszych klient\u00f3w na ca\u0142ym \u015bwiecie.<\/p>\n<p>Skontaktuj si\u0119 z nami ju\u017c dzi\u015b, aby odkry\u0107, w jaki spos\u00f3b SGM Magnetics mo\u017ce zoptymalizowa\u0107 Twoje operacje podnoszenia dzi\u0119ki rozwi\u0105zaniom szytym na miar\u0119, stworzonym z my\u015bl\u0105 o bezpiecze\u0144stwie, niezawodno\u015bci i wydajno\u015bci.[\/vc_column_text][nectar_btn size=&#8221;jumbo&#8221; button_style=&#8221;regular&#8221; button_color_2=&#8221;Accent-Color&#8221; icon_family=&#8221;none&#8221; text=&#8221;Nasze produkty \u203a&#8221; margin_top=&#8221;60&#8243; url=&#8221;\/pl\/chwytniki-magnetyczne\/produkty&#8221;][divider line_type=&#8221;No Line&#8221; custom_height=&#8221;115&#8243; custom_height_tablet=&#8221;80&#8243; custom_height_phone=&#8221;80&#8243;][\/vc_column][vc_column column_padding=&#8221;no-extra-padding&#8221; column_padding_tablet=&#8221;inherit&#8221; column_padding_phone=&#8221;inherit&#8221; column_padding_position=&#8221;all&#8221; column_element_direction_desktop=&#8221;default&#8221; column_element_spacing=&#8221;default&#8221; desktop_text_alignment=&#8221;default&#8221; tablet_text_alignment=&#8221;default&#8221; phone_text_alignment=&#8221;default&#8221; background_color_opacity=&#8221;1&#8243; background_hover_color_opacity=&#8221;1&#8243; column_backdrop_filter=&#8221;none&#8221; column_shadow=&#8221;none&#8221; column_border_radius=&#8221;none&#8221; column_link_target=&#8221;_self&#8221; column_position=&#8221;default&#8221; gradient_direction=&#8221;left_to_right&#8221; overlay_strength=&#8221;0.3&#8243; width=&#8221;3\/12&#8243; tablet_width_inherit=&#8221;default&#8221; animation_type=&#8221;default&#8221; bg_image_animation=&#8221;none&#8221; border_type=&#8221;simple&#8221; column_border_width=&#8221;none&#8221; column_border_style=&#8221;solid&#8221;][\/vc_column][\/vc_row][vc_row type=&#8221;in_container&#8221; full_screen_row_position=&#8221;middle&#8221; column_margin=&#8221;default&#8221; column_direction=&#8221;default&#8221; column_direction_tablet=&#8221;default&#8221; column_direction_phone=&#8221;default&#8221; scene_position=&#8221;center&#8221; text_color=&#8221;dark&#8221; text_align=&#8221;left&#8221; row_border_radius=&#8221;none&#8221; row_border_radius_applies=&#8221;bg&#8221; overflow=&#8221;visible&#8221; overlay_strength=&#8221;0.3&#8243; gradient_direction=&#8221;left_to_right&#8221; shape_divider_position=&#8221;bottom&#8221; bg_image_animation=&#8221;none&#8221;][vc_column column_padding=&#8221;no-extra-padding&#8221; column_padding_tablet=&#8221;inherit&#8221; column_padding_phone=&#8221;inherit&#8221; column_padding_position=&#8221;all&#8221; column_element_direction_desktop=&#8221;default&#8221; column_element_spacing=&#8221;default&#8221; desktop_text_alignment=&#8221;default&#8221; tablet_text_alignment=&#8221;default&#8221; phone_text_alignment=&#8221;default&#8221; background_color_opacity=&#8221;1&#8243; background_hover_color_opacity=&#8221;1&#8243; column_backdrop_filter=&#8221;none&#8221; column_shadow=&#8221;none&#8221; column_border_radius=&#8221;none&#8221; column_link_target=&#8221;_self&#8221; column_position=&#8221;default&#8221; gradient_direction=&#8221;left_to_right&#8221; overlay_strength=&#8221;0.3&#8243; width=&#8221;1\/1&#8243; tablet_width_inherit=&#8221;default&#8221; animation_type=&#8221;default&#8221; bg_image_animation=&#8221;none&#8221; border_type=&#8221;simple&#8221; column_border_width=&#8221;none&#8221; column_border_style=&#8221;solid&#8221;]<div class=\"templatera_shortcode margin-0px\">\n\t\t<div id=\"fws_69f20d4e5ea24\"  data-column-margin=\"none\" data-midnight=\"dark\"  class=\"wpb_row vc_row-fluid vc_row full-width-content vc_row-o-equal-height vc_row-flex vc_row-o-content-middle  top_margin_tablet_25px top_margin_phone_25px\"  style=\"padding-top: 0px; padding-bottom: 0px; \"><div class=\"row-bg-wrap\" data-bg-animation=\"none\" data-bg-animation-delay=\"\" data-bg-overlay=\"false\"><div class=\"inner-wrap row-bg-layer\" ><div class=\"row-bg viewport-desktop\"  style=\"\"><\/div><\/div><\/div><div class=\"row_col_wrap_12 col span_12 dark center\">\n\t<div style=\" color: #ffffff;\" class=\"vc_col-sm-6 padding-box-el-lefttt wpb_column column_container vc_column_container col centered-text padding-2-percent inherit_tablet inherit_phone \" data-cfc=\"true\" data-using-bg=\"true\" data-padding-pos=\"top-bottom\" data-has-bg-color=\"true\" data-bg-color=\"#005cef\" data-bg-opacity=\"1\" data-animation=\"\" data-delay=\"0\" >\n\t\t<div class=\"vc_column-inner\" ><div class=\"column-bg-overlay-wrap column-bg-layer\" data-bg-animation=\"none\"><div class=\"column-bg-overlay\" style=\"opacity: 1; background-color: #005cef;\"><\/div><\/div>\n\t\t\t<div class=\"wpb_wrapper\">\n\t\t\t\t\n<div class=\"wpb_text_column wpb_content_element  sgm-white-color sgm-white-color--a\" >\n\t<h4><a href=\"\/pl\/chwytniki-magnetyczne\">Chwytniki Magnetyczne \u203a<\/a><\/h4>\n<\/div>\n\n\n\n\n\t\t\t<\/div> \n\t\t<\/div>\n\t<\/div> \n\n\t<div style=\"\" class=\"vc_col-sm-6 padding-box-el-lefttt wpb_column column_container vc_column_container col centered-text padding-2-percent inherit_tablet inherit_phone \" data-using-bg=\"true\" data-padding-pos=\"top-bottom\" data-has-bg-color=\"true\" data-bg-color=\"#e6e9ee\" data-bg-opacity=\"1\" data-animation=\"\" data-delay=\"0\" >\n\t\t<div class=\"vc_column-inner\" ><div class=\"column-bg-overlay-wrap column-bg-layer\" data-bg-animation=\"none\"><div class=\"column-bg-overlay\" style=\"opacity: 1; background-color: #e6e9ee;\"><\/div><\/div>\n\t\t\t<div class=\"wpb_wrapper\">\n\t\t\t\t\n<div class=\"wpb_text_column wpb_content_element  sgm-accent-color\" >\n\t<h4><a href=\"\/pl\/technologie-separacji-i-recyklingu\/technologie\">Technologie Separacji \u203a<\/a><\/h4>\n<\/div>\n\n\n\n\n\t\t\t<\/div> \n\t\t<\/div>\n\t<\/div> \n<\/div><\/div>\n\t\t<div id=\"fws_69f20d4e5f5cf\"  data-column-margin=\"default\" data-midnight=\"light\"  class=\"wpb_row vc_row-fluid vc_row full-width-section  top_padding_tablet_50px top_padding_phone_50px bottom_padding_tablet_50px bottom_padding_phone_50px\"  style=\"padding-top: 190px; padding-bottom: 190px; \"><div class=\"row-bg-wrap\" data-bg-animation=\"none\" data-bg-animation-delay=\"\" data-bg-overlay=\"false\"><div class=\"inner-wrap row-bg-layer using-image\" ><div class=\"row-bg viewport-desktop using-image\"  style=\"background-image: url(https:\/\/www.sgmmagnetics.com\/wp-content\/uploads\/2022\/06\/imgpsh_fullsize_anim.jpg); background-position: center top; background-repeat: no-repeat; \"><\/div><\/div><\/div><div class=\"row_col_wrap_12 col span_12 light center\">\n\t<div  class=\"vc_col-sm-3 wpb_column column_container vc_column_container col centered-text no-extra-padding inherit_tablet inherit_phone \"  data-padding-pos=\"all\" data-has-bg-color=\"false\" data-bg-color=\"\" data-bg-opacity=\"1\" data-animation=\"\" data-delay=\"0\" >\n\t\t<div class=\"vc_column-inner\" >\n\t\t\t<div class=\"wpb_wrapper\">\n\t\t\t\t\n\t\t\t<\/div> \n\t\t<\/div>\n\t<\/div> \n\n\t<div  class=\"vc_col-sm-6 wpb_column column_container vc_column_container col centered-text no-extra-padding padding-5-percent_tablet padding-5-percent_phone \"  data-padding-pos=\"all\" data-has-bg-color=\"false\" data-bg-color=\"\" data-bg-opacity=\"1\" data-animation=\"\" data-delay=\"0\" >\n\t\t<div class=\"vc_column-inner\" >\n\t\t\t<div class=\"wpb_wrapper\">\n\t\t\t\t\n<div class=\"wpb_text_column wpb_content_element \" >\n\t<h2>Jeste\u015bmy do us\u0142ug<\/h2>\n<\/div>\n\n\n\n<div class=\"divider-wrap\" data-alignment=\"default\"><div style=\"height: 20px;\" class=\"divider\"><\/div><\/div><a class=\"nectar-button jumbo regular accent-color  regular-button\"  role=\"button\" style=\"\"  href=\"\/pl\/kontakt\" data-color-override=\"false\" data-hover-color-override=\"false\" data-hover-text-color-override=\"#fff\"><span>Kontakt \u203a<\/span><\/a>\n\t\t\t<\/div> \n\t\t<\/div>\n\t<\/div> \n\n\t<div  class=\"vc_col-sm-3 wpb_column column_container vc_column_container col no-extra-padding inherit_tablet inherit_phone \"  data-padding-pos=\"all\" data-has-bg-color=\"false\" data-bg-color=\"\" data-bg-opacity=\"1\" data-animation=\"\" data-delay=\"0\" >\n\t\t<div class=\"vc_column-inner\" >\n\t\t\t<div class=\"wpb_wrapper\">\n\t\t\t\t\n\t\t\t<\/div> \n\t\t<\/div>\n\t<\/div> \n<\/div><\/div><\/div>[\/vc_column][\/vc_row]\n","protected":false},"excerpt":{"rendered":"Chwytniki magnetyczne \u015awiatowy lider w dziedzinie elektromagnes\u00f3w do podnoszenia dla zastosowa\u0144 przemys\u0142owych, ceniony za nasz\u0105 sprawdzon\u0105 wiedz\u0119 i najnowocze\u015bniejsz\u0105 technologi\u0119. Dzi\u0119ki 70-letniemu do\u015bwiadczeniu, SGM Magnetics znajduje si\u0119 w czo\u0142\u00f3wce projektowania i produkcji wysokowydajnych elektromagnes\u00f3w do podnoszenia dla najbardziej wymagaj\u0105cych zastosowa\u0144 przemys\u0142owych. Od naszych pocz\u0105tk\u00f3w w 1954 roku, kiedy specjalizowali\u015bmy si\u0119...","protected":false},"author":3,"featured_media":0,"parent":0,"menu_order":0,"comment_status":"closed","ping_status":"closed","template":"","meta":{"_acf_changed":false,"inline_featured_image":false,"footnotes":""},"class_list":["post-34127","page","type-page","status-publish"],"acf":[],"_links":{"self":[{"href":"https:\/\/www.sgmmagnetics.com\/pl\/wp-json\/wp\/v2\/pages\/34127","targetHints":{"allow":["GET"]}}],"collection":[{"href":"https:\/\/www.sgmmagnetics.com\/pl\/wp-json\/wp\/v2\/pages"}],"about":[{"href":"https:\/\/www.sgmmagnetics.com\/pl\/wp-json\/wp\/v2\/types\/page"}],"author":[{"embeddable":true,"href":"https:\/\/www.sgmmagnetics.com\/pl\/wp-json\/wp\/v2\/users\/3"}],"replies":[{"embeddable":true,"href":"https:\/\/www.sgmmagnetics.com\/pl\/wp-json\/wp\/v2\/comments?post=34127"}],"version-history":[{"count":4,"href":"https:\/\/www.sgmmagnetics.com\/pl\/wp-json\/wp\/v2\/pages\/34127\/revisions"}],"predecessor-version":[{"id":39773,"href":"https:\/\/www.sgmmagnetics.com\/pl\/wp-json\/wp\/v2\/pages\/34127\/revisions\/39773"}],"wp:attachment":[{"href":"https:\/\/www.sgmmagnetics.com\/pl\/wp-json\/wp\/v2\/media?parent=34127"}],"curies":[{"name":"wp","href":"https:\/\/api.w.org\/{rel}","templated":true}]}}