{"id":30694,"date":"2024-05-23T09:58:31","date_gmt":"2024-05-23T07:58:31","guid":{"rendered":"https:\/\/www.sgmmagnetics.com\/privacy-policy\/"},"modified":"2026-03-09T15:59:49","modified_gmt":"2026-03-09T14:59:49","slug":"politique-de-confidentialite","status":"publish","type":"page","link":"https:\/\/www.sgmmagnetics.com\/fr\/politique-de-confidentialite\/","title":{"rendered":"Politique de confidentialit\u00e9"},"content":{"rendered":"[vc_row type=\u00a0\u00bbin_container\u00a0\u00bb full_screen_row_position=\u00a0\u00bbmiddle\u00a0\u00bb column_margin=\u00a0\u00bbdefault\u00a0\u00bb column_direction=\u00a0\u00bbdefault\u00a0\u00bb column_direction_tablet=\u00a0\u00bbdefault\u00a0\u00bb column_direction_phone=\u00a0\u00bbdefault\u00a0\u00bb scene_position=\u00a0\u00bbcenter\u00a0\u00bb text_color=\u00a0\u00bbdark\u00a0\u00bb text_align=\u00a0\u00bbleft\u00a0\u00bb row_border_radius=\u00a0\u00bbnone\u00a0\u00bb row_border_radius_applies=\u00a0\u00bbbg\u00a0\u00bb overflow=\u00a0\u00bbvisible\u00a0\u00bb overlay_strength=\u00a0\u00bb0.3&Prime; gradient_direction=\u00a0\u00bbleft_to_right\u00a0\u00bb shape_divider_position=\u00a0\u00bbbottom\u00a0\u00bb bg_image_animation=\u00a0\u00bbnone\u00a0\u00bb][vc_column column_padding=\u00a0\u00bbno-extra-padding\u00a0\u00bb column_padding_tablet=\u00a0\u00bbinherit\u00a0\u00bb column_padding_phone=\u00a0\u00bbinherit\u00a0\u00bb column_padding_position=\u00a0\u00bball\u00a0\u00bb column_element_direction_desktop=\u00a0\u00bbdefault\u00a0\u00bb column_element_spacing=\u00a0\u00bbdefault\u00a0\u00bb desktop_text_alignment=\u00a0\u00bbdefault\u00a0\u00bb tablet_text_alignment=\u00a0\u00bbdefault\u00a0\u00bb phone_text_alignment=\u00a0\u00bbdefault\u00a0\u00bb background_color_opacity=\u00a0\u00bb1&Prime; background_hover_color_opacity=\u00a0\u00bb1&Prime; column_backdrop_filter=\u00a0\u00bbnone\u00a0\u00bb column_shadow=\u00a0\u00bbnone\u00a0\u00bb column_border_radius=\u00a0\u00bbnone\u00a0\u00bb column_link_target=\u00a0\u00bb_self\u00a0\u00bb column_position=\u00a0\u00bbdefault\u00a0\u00bb gradient_direction=\u00a0\u00bbleft_to_right\u00a0\u00bb overlay_strength=\u00a0\u00bb0.3&Prime; width=\u00a0\u00bb2\/12&Prime; tablet_width_inherit=\u00a0\u00bbdefault\u00a0\u00bb animation_type=\u00a0\u00bbdefault\u00a0\u00bb bg_image_animation=\u00a0\u00bbnone\u00a0\u00bb border_type=\u00a0\u00bbsimple\u00a0\u00bb column_border_width=\u00a0\u00bbnone\u00a0\u00bb column_border_style=\u00a0\u00bbsolid\u00a0\u00bb][\/vc_column][vc_column column_padding=\u00a0\u00bbno-extra-padding\u00a0\u00bb column_padding_tablet=\u00a0\u00bbinherit\u00a0\u00bb column_padding_phone=\u00a0\u00bbinherit\u00a0\u00bb column_padding_position=\u00a0\u00bball\u00a0\u00bb column_element_direction_desktop=\u00a0\u00bbdefault\u00a0\u00bb column_element_spacing=\u00a0\u00bbdefault\u00a0\u00bb desktop_text_alignment=\u00a0\u00bbdefault\u00a0\u00bb tablet_text_alignment=\u00a0\u00bbdefault\u00a0\u00bb phone_text_alignment=\u00a0\u00bbdefault\u00a0\u00bb background_color_opacity=\u00a0\u00bb1&Prime; background_hover_color_opacity=\u00a0\u00bb1&Prime; column_backdrop_filter=\u00a0\u00bbnone\u00a0\u00bb column_shadow=\u00a0\u00bbnone\u00a0\u00bb column_border_radius=\u00a0\u00bbnone\u00a0\u00bb column_link_target=\u00a0\u00bb_self\u00a0\u00bb column_position=\u00a0\u00bbdefault\u00a0\u00bb gradient_direction=\u00a0\u00bbleft_to_right\u00a0\u00bb overlay_strength=\u00a0\u00bb0.3&Prime; width=\u00a0\u00bb8\/12&Prime; tablet_width_inherit=\u00a0\u00bbdefault\u00a0\u00bb animation_type=\u00a0\u00bbdefault\u00a0\u00bb bg_image_animation=\u00a0\u00bbnone\u00a0\u00bb border_type=\u00a0\u00bbsimple\u00a0\u00bb column_border_width=\u00a0\u00bbnone\u00a0\u00bb column_border_style=\u00a0\u00bbsolid\u00a0\u00bb][vc_column_text css=\u00a0\u00bb\u00a0\u00bb text_direction=\u00a0\u00bbdefault\u00a0\u00bb]\n<h1>Politique en mati\u00e8re de confidentialit\u00e9 et de cookies de www.sgmmagnetics.com<\/h1>\n<p>&nbsp;<\/p>\n<h2>Responsable du traitement des donn\u00e9es<\/h2>\n<p>Le titulaire du traitement des donn\u00e9es collect\u00e9es sur le site <a href=\"http:\/\/www.sgmmagnetics.com\/fr\/\">www.sgmmagnetics.com<\/a> est SGM MAGNETICS S.P.A. dont le si\u00e8ge social est situ\u00e9 via Leno 2\/D &#8211; I-25025 Manerbio (BS) &#8211; Italie ; t\u00e9l\u00e9phone<\/p>\n<p>+39 030 9938400<\/p>\n<p><strong>D\u00e9l\u00e9gu\u00e9 \u00e0 la protection des donn\u00e9es<\/strong><\/p>\n<p>Les traitements li\u00e9s aux services web offerts \u00e0 travers ce site ont lieu dans les locaux susmentionn\u00e9s de SGM MAGNETICS S.P.A. et sont effectu\u00e9s uniquement par du personnel autoris\u00e9.<\/p>\n<p>&nbsp;<\/p>\n<h2>Modalit\u00e9s de traitement des donn\u00e9es<\/h2>\n<p>Le traitement des donn\u00e9es se fonde sur les principes de correction, de lic\u00e9it\u00e9 et de transparence et peut \u00e9galement \u00eatre effectu\u00e9 \u00e0 l&rsquo;aide de m\u00e9thodes automatis\u00e9es de stockage, de gestion et de transmission, et se fait au moyen d&rsquo;instruments appropri\u00e9s, dans la mesure o\u00f9 cela est n\u00e9cessaire et conforme \u00e0 l&rsquo;\u00e9tat de l&rsquo;art, pour garantir leur s\u00e9curit\u00e9 et leur confidentialit\u00e9 par l&rsquo;utilisation de proc\u00e9dures appropri\u00e9es qui \u00e9vitent le risque de perte, d&rsquo;acc\u00e8s non autoris\u00e9, d&rsquo;utilisation illicite et de diffusion.<\/p>\n<p>&nbsp;<\/p>\n<h2>Questions g\u00e9n\u00e9rales<\/h2>\n<p>Si un utilisateur contacte SGM MAGNETICS S.P.A avec une demande, l&rsquo;utilisateur peut \u00eatre amen\u00e9 \u00e0 fournir \u00e0 SGM MAGNETICS S.P.A des informations personnelles (par exemple ses coordonn\u00e9es). SGM MAGNETICS S.P.A utilisera ces informations personnelles pour r\u00e9pondre aux demandes et assurer le suivi de la correspondance ult\u00e9rieure. Sous r\u00e9serve d&rsquo;un consentement explicite, les informations peuvent \u00e9galement \u00eatre utilis\u00e9es \u00e0 des fins de marketing et pour recueillir des statistiques sur la gestion des r\u00e9ponses, etc.<\/p>\n<p>&nbsp;<\/p>\n<h2>Inscription<\/h2>\n<p>Si un utilisateur souhaite s&rsquo;abonner aux informations mises \u00e0 disposition par SGM MAGNETICS S.P.A., telles que les bulletins d&rsquo;information, les revues, etc. SGM MAGNETICS S.P.A demandera une adresse \u00e9lectronique et d&rsquo;autres informations pertinentes et n\u00e9cessaires pour r\u00e9pondre \u00e0 la demande et, sous r\u00e9serve d&rsquo;un consentement pr\u00e9alable, utilisera cette adresse \u00e9lectronique et d&rsquo;autres informations collect\u00e9es pour r\u00e9pondre \u00e0 ces demandes. Les utilisateurs peuvent se d\u00e9sinscrire de tout service auquel ils se sont abonn\u00e9s \u00e0 tout moment en envoyant une demande \u00e0 social@sgmmagnetics.com. La r\u00e9vocation du consentement n&rsquo;affecte pas la l\u00e9galit\u00e9 du traitement fond\u00e9 sur le consentement ant\u00e9rieur \u00e0 la r\u00e9vocation.<\/p>\n<p>&nbsp;<\/p>\n<h2><strong>Marketing<\/strong><\/h2>\n<p>SGM MAGNETICS S.P.A, sous r\u00e9serve du consentement de la partie int\u00e9ress\u00e9e, peut utiliser les informations collect\u00e9es aupr\u00e8s des utilisateurs \u00e0 des fins commerciales et de marketing, y compris le marketing par courrier \u00e9lectronique. SGM MAGNETICS S.P.A peut combiner ces informations avec des donn\u00e9es obtenues d&rsquo;autres sources afin d&rsquo;am\u00e9liorer leur exactitude et leur exhaustivit\u00e9 et de personnaliser son interaction avec les utilisateurs. Les utilisateurs peuvent choisir de ne plus recevoir de mat\u00e9riel de marketing en suivant les instructions de d\u00e9sabonnement incluses dans chaque e-mail.<\/p>\n<p>&nbsp;<\/p>\n<h2>Lien externe<\/h2>\n<p>Ce site web peut contenir des liens vers d&rsquo;autres sites et SGM MAGNETICS S.P.A n&rsquo;est pas responsable des politiques de confidentialit\u00e9 ou des pratiques de ces autres sites. Cette politique de confidentialit\u00e9 s&rsquo;applique uniquement aux informations collect\u00e9es par ce site. D&rsquo;autres soci\u00e9t\u00e9s ou sites web li\u00e9s \u00e0 ce site peuvent avoir leur propre politique de confidentialit\u00e9. Par cons\u00e9quent, nous vous encourageons \u00e0 lire la politique de confidentialit\u00e9 de chacun des sites Web que vous visitez ou consultez.<\/p>\n<p>&nbsp;<\/p>\n<h2><strong>Cookies<\/strong><\/h2>\n<p>Les syst\u00e8mes informatiques et les proc\u00e9dures logicielles utilis\u00e9s pour le fonctionnement de ce site web acqui\u00e8rent, au cours de leur fonctionnement normal, certaines donn\u00e9es personnelles dont la transmission est implicite dans l&rsquo;utilisation des protocoles de communication d&rsquo;Internet. Ces informations ne sont pas collect\u00e9es pour \u00eatre associ\u00e9es \u00e0 des personnes int\u00e9ress\u00e9es identifi\u00e9es, mais, de par leur nature m\u00eame, elles pourraient, par le biais du traitement et de l&rsquo;association avec des donn\u00e9es d\u00e9tenues par des tiers, permettre d&rsquo;identifier les utilisateurs.<\/p>\n<p>Cette cat\u00e9gorie de donn\u00e9es comprend les adresses IP ou les noms de domaine des ordinateurs utilis\u00e9s par les utilisateurs qui se connectent au site, les adresses de notation URI (Uniform Resource Identifier) des ressources demand\u00e9es, l&rsquo;heure de la demande, la m\u00e9thode utilis\u00e9e pour soumettre la demande au serveur, la taille du fichier obtenu en r\u00e9ponse, le code num\u00e9rique indiquant l&rsquo;\u00e9tat de la r\u00e9ponse donn\u00e9e par le serveur (succ\u00e8s, erreur, etc.) et d&rsquo;autres param\u00e8tres relatifs au syst\u00e8me d&rsquo;exploitation et \u00e0 l&rsquo;environnement de l&rsquo;ordinateur de l&rsquo;utilisateur. L&rsquo;envoi facultatif, explicite et volontaire de courrier \u00e9lectronique aux adresses indiqu\u00e9es sur ce site et\/ou le remplissage de formulaires de collecte de donn\u00e9es entra\u00eene l&rsquo;acquisition ult\u00e9rieure de l&rsquo;adresse de l&rsquo;exp\u00e9diteur, n\u00e9cessaire pour r\u00e9pondre aux demandes, ainsi que des autres donn\u00e9es personnelles saisies.<\/p>\n<p>&nbsp;<\/p>\n<h2>Modifications de la politique de confidentialit\u00e9 de SGM MAGNETICS S.P.A.<\/h2>\n<p>SGM MAGNETICS S.P.A. se r\u00e9serve le droit de modifier cette politique de temps \u00e0 autre. Les utilisateurs de ce site web sont invit\u00e9s \u00e0 consulter r\u00e9guli\u00e8rement la pr\u00e9sente politique de confidentialit\u00e9 pour prendre connaissance des nouvelles pratiques ou des modifications qui y sont apport\u00e9es.<\/p>\n<p>&nbsp;<\/p>\n<h2>Droits de l&rsquo;utilisateur<\/h2>\n<p>En ce qui concerne les donn\u00e9es \u00e0 caract\u00e8re personnel trait\u00e9es par SGM MAGNETICS S.P.A, vous pouvez exercer les droits pr\u00e9vus par le chapitre III du r\u00e8glement (UE) 2016\/679 dans les limites et conditions pr\u00e9vues par ledit r\u00e8glement.<\/p>\n<p>Si vous donnez votre consentement au traitement de vos donn\u00e9es comme demand\u00e9 par SGM MAGNETICS S.P.A, nous vous informons que vous pouvez le r\u00e9voquer \u00e0 tout moment, sans pr\u00e9judice des accomplissements obligatoires pr\u00e9vus par la r\u00e9glementation en vigueur au moment de la demande de r\u00e9vocation, en contactant le contr\u00f4leur des donn\u00e9es aux coordonn\u00e9es sp\u00e9cifi\u00e9es ci-dessous. La r\u00e9vocation du consentement n&rsquo;affecte pas la l\u00e9galit\u00e9 du traitement fond\u00e9 sur le consentement donn\u00e9 avant la r\u00e9vocation.<\/p>\n<p>&nbsp;<\/p>\n<h2>Comment contacter SGM MAGNETICS S.P.A concernant la politique de confidentialit\u00e9 de ce site ?<\/h2>\n<p>Pour toute question, doute ou litige concernant la politique de confidentialit\u00e9 de SGM MAGNETICS S.P.A., les utilisateurs sont invit\u00e9s \u00e0 \u00e9crire par e-mail \u00e0 social@sgmmagnetic.com.<\/p>\n<p>Droit d&rsquo;introduire une r\u00e9clamation<\/p>\n<p>Les personnes concern\u00e9es qui estiment que le traitement de leurs donn\u00e9es personnelles effectu\u00e9 par l&rsquo;interm\u00e9diaire de ce site web est contraire aux dispositions du r\u00e8glement ont le droit d&rsquo;introduire une r\u00e9clamation aupr\u00e8s de l&rsquo;Autorit\u00e9 de protection des donn\u00e9es personnelles, conform\u00e9ment \u00e0 l&rsquo;article 77 du r\u00e8glement, ou d&rsquo;intenter une action en justice (article 79 du r\u00e8glement).<\/p>\n<p>&nbsp;<\/p>\n<h2 id=\"politique-cookie\">Politique en mati\u00e8re de cookies<\/h2>\n<p><script id=\"CookieDeclaration\" src=\"https:\/\/consent.cookiebot.com\/961bae2c-fb30-435d-a547-7b8e607b48bc\/cd.js\" type=\"text\/javascript\" async><\/script>[\/vc_column_text][\/vc_column][vc_column column_padding=\u00a0\u00bbno-extra-padding\u00a0\u00bb column_padding_tablet=\u00a0\u00bbinherit\u00a0\u00bb column_padding_phone=\u00a0\u00bbinherit\u00a0\u00bb column_padding_position=\u00a0\u00bball\u00a0\u00bb column_element_direction_desktop=\u00a0\u00bbdefault\u00a0\u00bb column_element_spacing=\u00a0\u00bbdefault\u00a0\u00bb desktop_text_alignment=\u00a0\u00bbdefault\u00a0\u00bb tablet_text_alignment=\u00a0\u00bbdefault\u00a0\u00bb phone_text_alignment=\u00a0\u00bbdefault\u00a0\u00bb background_color_opacity=\u00a0\u00bb1&Prime; background_hover_color_opacity=\u00a0\u00bb1&Prime; column_backdrop_filter=\u00a0\u00bbnone\u00a0\u00bb column_shadow=\u00a0\u00bbnone\u00a0\u00bb column_border_radius=\u00a0\u00bbnone\u00a0\u00bb column_link_target=\u00a0\u00bb_self\u00a0\u00bb column_position=\u00a0\u00bbdefault\u00a0\u00bb gradient_direction=\u00a0\u00bbleft_to_right\u00a0\u00bb overlay_strength=\u00a0\u00bb0.3&Prime; width=\u00a0\u00bb2\/12&Prime; tablet_width_inherit=\u00a0\u00bbdefault\u00a0\u00bb animation_type=\u00a0\u00bbdefault\u00a0\u00bb bg_image_animation=\u00a0\u00bbnone\u00a0\u00bb border_type=\u00a0\u00bbsimple\u00a0\u00bb column_border_width=\u00a0\u00bbnone\u00a0\u00bb column_border_style=\u00a0\u00bbsolid\u00a0\u00bb][\/vc_column][\/vc_row]\n","protected":false},"excerpt":{"rendered":"<p>[vc_row type=\u00a0\u00bbin_container\u00a0\u00bb full_screen_row_position=\u00a0\u00bbmiddle\u00a0\u00bb column_margin=\u00a0\u00bbdefault\u00a0\u00bb column_direction=\u00a0\u00bbdefault\u00a0\u00bb column_direction_tablet=\u00a0\u00bbdefault\u00a0\u00bb column_direction_phone=\u00a0\u00bbdefault\u00a0\u00bb scene_position=\u00a0\u00bbcenter\u00a0\u00bb text_color=\u00a0\u00bbdark\u00a0\u00bb text_align=\u00a0\u00bbleft\u00a0\u00bb row_border_radius=\u00a0\u00bbnone\u00a0\u00bb row_border_radius_applies=\u00a0\u00bbbg\u00a0\u00bb overflow=\u00a0\u00bbvisible\u00a0\u00bb overlay_strength=\u00a0\u00bb0.3&Prime; gradient_direction=\u00a0\u00bbleft_to_right\u00a0\u00bb shape_divider_position=\u00a0\u00bbbottom\u00a0\u00bb bg_image_animation=\u00a0\u00bbnone\u00a0\u00bb][vc_column column_padding=\u00a0\u00bbno-extra-padding\u00a0\u00bb column_padding_tablet=\u00a0\u00bbinherit\u00a0\u00bb column_padding_phone=\u00a0\u00bbinherit\u00a0\u00bb column_padding_position=\u00a0\u00bball\u00a0\u00bb column_element_direction_desktop=\u00a0\u00bbdefault\u00a0\u00bb column_element_spacing=\u00a0\u00bbdefault\u00a0\u00bb desktop_text_alignment=\u00a0\u00bbdefault\u00a0\u00bb tablet_text_alignment=\u00a0\u00bbdefault\u00a0\u00bb phone_text_alignment=\u00a0\u00bbdefault\u00a0\u00bb background_color_opacity=\u00a0\u00bb1&Prime; background_hover_color_opacity=\u00a0\u00bb1&Prime; column_backdrop_filter=\u00a0\u00bbnone\u00a0\u00bb column_shadow=\u00a0\u00bbnone\u00a0\u00bb column_border_radius=\u00a0\u00bbnone\u00a0\u00bb column_link_target=\u00a0\u00bb_self\u00a0\u00bb column_position=\u00a0\u00bbdefault\u00a0\u00bb gradient_direction=\u00a0\u00bbleft_to_right\u00a0\u00bb overlay_strength=\u00a0\u00bb0.3&Prime; width=\u00a0\u00bb2\/12&Prime; tablet_width_inherit=\u00a0\u00bbdefault\u00a0\u00bb animation_type=\u00a0\u00bbdefault\u00a0\u00bb bg_image_animation=\u00a0\u00bbnone\u00a0\u00bb border_type=\u00a0\u00bbsimple\u00a0\u00bb column_border_width=\u00a0\u00bbnone\u00a0\u00bb column_border_style=\u00a0\u00bbsolid\u00a0\u00bb][\/vc_column][vc_column column_padding=\u00a0\u00bbno-extra-padding\u00a0\u00bb column_padding_tablet=\u00a0\u00bbinherit\u00a0\u00bb column_padding_phone=\u00a0\u00bbinherit\u00a0\u00bb column_padding_position=\u00a0\u00bball\u00a0\u00bb column_element_direction_desktop=\u00a0\u00bbdefault\u00a0\u00bb column_element_spacing=\u00a0\u00bbdefault\u00a0\u00bb desktop_text_alignment=\u00a0\u00bbdefault\u00a0\u00bb tablet_text_alignment=\u00a0\u00bbdefault\u00a0\u00bb&#8230;<\/p>\n","protected":false},"author":3,"featured_media":0,"parent":0,"menu_order":0,"comment_status":"closed","ping_status":"closed","template":"","meta":{"_acf_changed":false,"inline_featured_image":false,"footnotes":""},"class_list":["post-30694","page","type-page","status-publish"],"acf":[],"_links":{"self":[{"href":"https:\/\/www.sgmmagnetics.com\/fr\/wp-json\/wp\/v2\/pages\/30694","targetHints":{"allow":["GET"]}}],"collection":[{"href":"https:\/\/www.sgmmagnetics.com\/fr\/wp-json\/wp\/v2\/pages"}],"about":[{"href":"https:\/\/www.sgmmagnetics.com\/fr\/wp-json\/wp\/v2\/types\/page"}],"author":[{"embeddable":true,"href":"https:\/\/www.sgmmagnetics.com\/fr\/wp-json\/wp\/v2\/users\/3"}],"replies":[{"embeddable":true,"href":"https:\/\/www.sgmmagnetics.com\/fr\/wp-json\/wp\/v2\/comments?post=30694"}],"version-history":[{"count":4,"href":"https:\/\/www.sgmmagnetics.com\/fr\/wp-json\/wp\/v2\/pages\/30694\/revisions"}],"predecessor-version":[{"id":30698,"href":"https:\/\/www.sgmmagnetics.com\/fr\/wp-json\/wp\/v2\/pages\/30694\/revisions\/30698"}],"wp:attachment":[{"href":"https:\/\/www.sgmmagnetics.com\/fr\/wp-json\/wp\/v2\/media?parent=30694"}],"curies":[{"name":"wp","href":"https:\/\/api.w.org\/{rel}","templated":true}]}}