{"id":42333,"date":"2026-01-22T14:18:52","date_gmt":"2026-01-22T13:18:52","guid":{"rendered":"https:\/\/www.sgmmagnetics.com\/erklaerung-zur-barrierefreiheit-sgm\/"},"modified":"2026-03-13T08:51:18","modified_gmt":"2026-03-13T07:51:18","slug":"declaracion-de-accesibilidad-sgm","status":"publish","type":"page","link":"https:\/\/www.sgmmagnetics.com\/es\/declaracion-de-accesibilidad-sgm\/","title":{"rendered":"Declaraci\u00f3n de accesibilidad SGM"},"content":{"rendered":"[vc_row type=\u00bbfull_width_background\u00bb full_screen_row_position=\u00bbmiddle\u00bb column_margin=\u00bbdefault\u00bb column_direction=\u00bbdefault\u00bb column_direction_tablet=\u00bbdefault\u00bb column_direction_phone=\u00bbdefault\u00bb scene_position=\u00bbcenter\u00bb text_color=\u00bbdark\u00bb text_align=\u00bbleft\u00bb row_border_radius=\u00bbnone\u00bb row_border_radius_applies=\u00bbbg\u00bb row_position_desktop=\u00bbdefault\u00bb row_position_tablet=\u00bbinherit\u00bb row_position_phone=\u00bbinherit\u00bb overflow=\u00bbvisible\u00bb advanced_gradient_angle=\u00bb0&#8243; overlay_strength=\u00bb0.3&#8243; gradient_direction=\u00bbleft_to_right\u00bb shape_divider_position=\u00bbbottom\u00bb bg_image_animation=\u00bbnone\u00bb gradient_type=\u00bbdefault\u00bb shape_type=\u00bb\u00bb][vc_column column_padding=\u00bbno-extra-padding\u00bb column_padding_tablet=\u00bbinherit\u00bb column_padding_phone=\u00bbinherit\u00bb column_padding_position=\u00bball\u00bb flex_gap_desktop=\u00bb10px\u00bb column_element_direction_desktop=\u00bbdefault\u00bb column_element_spacing=\u00bbdefault\u00bb desktop_text_alignment=\u00bbdefault\u00bb tablet_text_alignment=\u00bbdefault\u00bb phone_text_alignment=\u00bbdefault\u00bb background_color_opacity=\u00bb1&#8243; background_hover_color_opacity=\u00bb1&#8243; column_backdrop_filter=\u00bbnone\u00bb column_shadow=\u00bbnone\u00bb column_border_radius=\u00bbnone\u00bb column_link_target=\u00bb_self\u00bb column_position=\u00bbdefault\u00bb gradient_direction=\u00bbleft_to_right\u00bb overlay_strength=\u00bb0.3&#8243; width=\u00bb1\/1&#8243; tablet_width_inherit=\u00bbdefault\u00bb animation_type=\u00bbdefault\u00bb bg_image_animation=\u00bbnone\u00bb border_type=\u00bbsimple\u00bb column_border_width=\u00bbnone\u00bb column_border_style=\u00bbsolid\u00bb][divider line_type=\u00bbNo Line\u00bb custom_height=\u00bb100px\u00bb custom_height_tablet=\u00bb10px\u00bb custom_height_phone=\u00bb10px\u00bb][\/vc_column][\/vc_row][vc_row type=\u00bbfull_width_background\u00bb full_screen_row_position=\u00bbmiddle\u00bb column_margin=\u00bbdefault\u00bb column_direction=\u00bbdefault\u00bb column_direction_tablet=\u00bbdefault\u00bb column_direction_phone=\u00bbdefault\u00bb scene_position=\u00bbcenter\u00bb text_color=\u00bbdark\u00bb text_align=\u00bbleft\u00bb row_border_radius=\u00bbnone\u00bb row_border_radius_applies=\u00bbbg\u00bb row_position_desktop=\u00bbdefault\u00bb row_position_tablet=\u00bbinherit\u00bb row_position_phone=\u00bbinherit\u00bb overflow=\u00bbvisible\u00bb advanced_gradient_angle=\u00bb0&#8243; overlay_strength=\u00bb0.3&#8243; gradient_direction=\u00bbleft_to_right\u00bb shape_divider_position=\u00bbbottom\u00bb bg_image_animation=\u00bbnone\u00bb gradient_type=\u00bbdefault\u00bb shape_type=\u00bb\u00bb][vc_column column_padding=\u00bbno-extra-padding\u00bb column_padding_tablet=\u00bbinherit\u00bb column_padding_phone=\u00bbinherit\u00bb column_padding_position=\u00bball\u00bb flex_gap_desktop=\u00bb10px\u00bb column_element_direction_desktop=\u00bbdefault\u00bb column_element_spacing=\u00bbdefault\u00bb desktop_text_alignment=\u00bbdefault\u00bb tablet_text_alignment=\u00bbdefault\u00bb phone_text_alignment=\u00bbdefault\u00bb background_color_opacity=\u00bb1&#8243; background_hover_color_opacity=\u00bb1&#8243; column_backdrop_filter=\u00bbnone\u00bb column_shadow=\u00bbnone\u00bb column_border_radius=\u00bbnone\u00bb column_link_target=\u00bb_self\u00bb column_position=\u00bbdefault\u00bb gradient_direction=\u00bbleft_to_right\u00bb overlay_strength=\u00bb0.3&#8243; width=\u00bb3\/12&#8243; tablet_width_inherit=\u00bbdefault\u00bb animation_type=\u00bbdefault\u00bb bg_image_animation=\u00bbnone\u00bb border_type=\u00bbsimple\u00bb column_border_width=\u00bbnone\u00bb column_border_style=\u00bbsolid\u00bb][\/vc_column][vc_column column_padding=\u00bbno-extra-padding\u00bb column_padding_tablet=\u00bbinherit\u00bb column_padding_phone=\u00bbinherit\u00bb column_padding_position=\u00bball\u00bb flex_gap_desktop=\u00bb10px\u00bb column_element_direction_desktop=\u00bbdefault\u00bb column_element_spacing=\u00bbdefault\u00bb desktop_text_alignment=\u00bbdefault\u00bb tablet_text_alignment=\u00bbdefault\u00bb phone_text_alignment=\u00bbdefault\u00bb background_color_opacity=\u00bb1&#8243; background_hover_color_opacity=\u00bb1&#8243; column_backdrop_filter=\u00bbnone\u00bb column_shadow=\u00bbnone\u00bb column_border_radius=\u00bbnone\u00bb column_link_target=\u00bb_self\u00bb column_position=\u00bbdefault\u00bb gradient_direction=\u00bbleft_to_right\u00bb overlay_strength=\u00bb0.3&#8243; width=\u00bb6\/12&#8243; tablet_width_inherit=\u00bbdefault\u00bb animation_type=\u00bbdefault\u00bb bg_image_animation=\u00bbnone\u00bb border_type=\u00bbsimple\u00bb column_border_width=\u00bbnone\u00bb column_border_style=\u00bbsolid\u00bb][vc_column_text css=\u00bb\u00bb text_direction=\u00bbdefault\u00bb]\n<h1>Declaraci\u00f3n de accesibilidad<\/h1>\n[\/vc_column_text][vc_column_text css=\u00bb\u00bb text_direction=\u00bbdefault\u00bb]Creemos firmemente que Internet debe estar disponible y ser accesible para todas las personas, y nos comprometemos a ofrecer una experiencia digital utilizable por el p\u00fablico m\u00e1s amplio posible, independientemente de las circunstancias o capacidades.<\/p>\n<p>Con este objetivo,\u00a0<strong>S<\/strong>GM Magnetics trabaja para mejorar progresivamente la accesibilidad del sitio web y alinearse en la mayor medida posible con las Pautas de Accesibilidad para el Contenido Web (WCAG) del World Wide Web Consortium (W3C).<\/p>\n<p>Estas pautas explican c\u00f3mo hacer que los contenidos web sean accesibles para personas con una amplia variedad de necesidades, incluidas las personas ciegas o con discapacidad visual, as\u00ed como personas con discapacidades motoras, cognitivas, neurol\u00f3gicas o sensoriales.<\/p>\n<p>La alineaci\u00f3n con las WCAG nos ayuda a garantizar que el sitio web pueda ser utilizado por el mayor n\u00famero posible de personas, de acuerdo con los principios de inclusi\u00f3n y con el objetivo de ofrecer una experiencia de navegaci\u00f3n accesible para todos.<\/p>\n<p><a href=\"\/wp-content\/uploads\/2026\/03\/ACR_technical_report_ES.docx\" target=\"_blank\" rel=\"noopener\" download=\"\">DESCARGAR DOCUMENTO DE ACCESIBILIDAD<\/a><\/p>\n<p>&nbsp;<\/p>\n<h2><strong>Notas, comentarios y sugerencias<\/strong><\/h2>\n<p>A pesar de nuestros esfuerzos, es posible que algunas p\u00e1ginas o secciones a\u00fan no sean completamente accesibles, est\u00e9n en proceso de actualizaci\u00f3n o no dispongan de una soluci\u00f3n tecnol\u00f3gica adecuada para garantizar su plena accesibilidad.<\/p>\n<p>Nos comprometemos de forma continua a mejorar la accesibilidad del sitio web, actualizando contenidos y funcionalidades y adoptando soluciones t\u00e9cnicas en l\u00ednea con los avances tecnol\u00f3gicos.<\/p>\n<p>Para notificaciones, solicitudes de soporte o alternativas accesibles, puede contactarnos en la siguiente direcci\u00f3n de correo electr\u00f3nico: <a href=\"mailto:c.guaitolini@sgmmagnetics.com\"><strong>c.guaitolini@sgmmagnetics.com<\/strong><\/a><\/p>\n<p>&nbsp;<\/p>\n<h2><strong>Personalizaci\u00f3n mediante el widget de accesibilidad<\/strong><\/h2>\n<p>El widget de accesibilidad disponible en el sitio web es una herramienta que contribuye a mejorar la usabilidad de los contenidos, facilitando la navegaci\u00f3n y la compatibilidad con las principales tecnolog\u00edas de asistencia.<\/p>\n<p>A trav\u00e9s de funciones personalizables, favorece una navegaci\u00f3n inclusiva para usuarios con discapacidades visuales, motoras, cognitivas y neurol\u00f3gicas.<\/p>\n<p><strong>El widget es accesible:<\/strong><\/p>\n<ul>\n<li><strong>mediante el teclado<\/strong>, al inicio de la p\u00e1gina (presionar TAB)<\/li>\n<li><strong>o con el rat\u00f3n<\/strong>, en una posici\u00f3n fija en la parte inferior de la p\u00e1gina (icono de \u201cacceso universal\u201d)<\/li>\n<\/ul>\n<p><strong>Ejemplos de funciones disponibles:<\/strong><\/p>\n<ul>\n<li><strong>Uso sin visi\u00f3n:<\/strong>\u00a0navegaci\u00f3n mediante teclado y modo compatible con lectores de pantalla<\/li>\n<li><strong>Visi\u00f3n limitada:<\/strong>\u00a0zoom, alto contraste y modificaci\u00f3n de los tipos de letra<\/li>\n<li><strong>Discapacidades crom\u00e1ticas:<\/strong>\u00a0resaltado de enlaces, t\u00edtulos y contenidos clicables<\/li>\n<li><strong>Movilidad limitada:<\/strong>\u00a0navegaci\u00f3n mediante teclado o herramientas alternativas<\/li>\n<li><strong>Sensibilidad visual \/ fotosensibilidad:<\/strong>\u00a0desactivaci\u00f3n de animaciones y activaci\u00f3n de paletas de bajo est\u00edmulo visual<\/li>\n<\/ul>\n<p>Si la activaci\u00f3n de alguna funcionalidad afectara a la compatibilidad con su configuraci\u00f3n o tecnolog\u00eda de asistencia, le invitamos a ponerse en contacto con nosotros y, mientras tanto, a desactivar el widget mediante el bot\u00f3n correspondiente.[\/vc_column_text][\/vc_column][vc_column column_padding=\u00bbno-extra-padding\u00bb column_padding_tablet=\u00bbinherit\u00bb column_padding_phone=\u00bbinherit\u00bb column_padding_position=\u00bball\u00bb flex_gap_desktop=\u00bb10px\u00bb column_element_direction_desktop=\u00bbdefault\u00bb column_element_spacing=\u00bbdefault\u00bb desktop_text_alignment=\u00bbdefault\u00bb tablet_text_alignment=\u00bbdefault\u00bb phone_text_alignment=\u00bbdefault\u00bb background_color_opacity=\u00bb1&#8243; background_hover_color_opacity=\u00bb1&#8243; column_backdrop_filter=\u00bbnone\u00bb column_shadow=\u00bbnone\u00bb column_border_radius=\u00bbnone\u00bb column_link_target=\u00bb_self\u00bb column_position=\u00bbdefault\u00bb gradient_direction=\u00bbleft_to_right\u00bb overlay_strength=\u00bb0.3&#8243; width=\u00bb3\/12&#8243; tablet_width_inherit=\u00bbdefault\u00bb animation_type=\u00bbdefault\u00bb bg_image_animation=\u00bbnone\u00bb border_type=\u00bbsimple\u00bb column_border_width=\u00bbnone\u00bb column_border_style=\u00bbsolid\u00bb][\/vc_column][\/vc_row][vc_row type=\u00bbfull_width_background\u00bb full_screen_row_position=\u00bbmiddle\u00bb column_margin=\u00bbdefault\u00bb column_direction=\u00bbdefault\u00bb column_direction_tablet=\u00bbdefault\u00bb column_direction_phone=\u00bbdefault\u00bb scene_position=\u00bbcenter\u00bb text_color=\u00bbdark\u00bb text_align=\u00bbleft\u00bb row_border_radius=\u00bbnone\u00bb row_border_radius_applies=\u00bbbg\u00bb row_position_desktop=\u00bbdefault\u00bb row_position_tablet=\u00bbinherit\u00bb row_position_phone=\u00bbinherit\u00bb overflow=\u00bbvisible\u00bb advanced_gradient_angle=\u00bb0&#8243; overlay_strength=\u00bb0.3&#8243; gradient_direction=\u00bbleft_to_right\u00bb shape_divider_position=\u00bbbottom\u00bb bg_image_animation=\u00bbnone\u00bb gradient_type=\u00bbdefault\u00bb shape_type=\u00bb\u00bb][vc_column column_padding=\u00bbno-extra-padding\u00bb column_padding_tablet=\u00bbinherit\u00bb column_padding_phone=\u00bbinherit\u00bb column_padding_position=\u00bball\u00bb flex_gap_desktop=\u00bb10px\u00bb column_element_direction_desktop=\u00bbdefault\u00bb column_element_spacing=\u00bbdefault\u00bb desktop_text_alignment=\u00bbdefault\u00bb tablet_text_alignment=\u00bbdefault\u00bb phone_text_alignment=\u00bbdefault\u00bb background_color_opacity=\u00bb1&#8243; background_hover_color_opacity=\u00bb1&#8243; column_backdrop_filter=\u00bbnone\u00bb column_shadow=\u00bbnone\u00bb column_border_radius=\u00bbnone\u00bb column_link_target=\u00bb_self\u00bb column_position=\u00bbdefault\u00bb gradient_direction=\u00bbleft_to_right\u00bb overlay_strength=\u00bb0.3&#8243; width=\u00bb1\/1&#8243; tablet_width_inherit=\u00bbdefault\u00bb animation_type=\u00bbdefault\u00bb bg_image_animation=\u00bbnone\u00bb border_type=\u00bbsimple\u00bb column_border_width=\u00bbnone\u00bb column_border_style=\u00bbsolid\u00bb][divider line_type=\u00bbNo Line\u00bb custom_height=\u00bb100px\u00bb][\/vc_column][\/vc_row]\n","protected":false},"excerpt":{"rendered":"<p>[vc_row type=\u00bbfull_width_background\u00bb full_screen_row_position=\u00bbmiddle\u00bb column_margin=\u00bbdefault\u00bb column_direction=\u00bbdefault\u00bb column_direction_tablet=\u00bbdefault\u00bb column_direction_phone=\u00bbdefault\u00bb scene_position=\u00bbcenter\u00bb text_color=\u00bbdark\u00bb text_align=\u00bbleft\u00bb row_border_radius=\u00bbnone\u00bb row_border_radius_applies=\u00bbbg\u00bb row_position_desktop=\u00bbdefault\u00bb row_position_tablet=\u00bbinherit\u00bb row_position_phone=\u00bbinherit\u00bb overflow=\u00bbvisible\u00bb advanced_gradient_angle=\u00bb0&#8243; overlay_strength=\u00bb0.3&#8243; gradient_direction=\u00bbleft_to_right\u00bb shape_divider_position=\u00bbbottom\u00bb bg_image_animation=\u00bbnone\u00bb gradient_type=\u00bbdefault\u00bb shape_type=\u00bb\u00bb][vc_column column_padding=\u00bbno-extra-padding\u00bb column_padding_tablet=\u00bbinherit\u00bb column_padding_phone=\u00bbinherit\u00bb column_padding_position=\u00bball\u00bb flex_gap_desktop=\u00bb10px\u00bb column_element_direction_desktop=\u00bbdefault\u00bb column_element_spacing=\u00bbdefault\u00bb desktop_text_alignment=\u00bbdefault\u00bb tablet_text_alignment=\u00bbdefault\u00bb phone_text_alignment=\u00bbdefault\u00bb background_color_opacity=\u00bb1&#8243; background_hover_color_opacity=\u00bb1&#8243; column_backdrop_filter=\u00bbnone\u00bb column_shadow=\u00bbnone\u00bb column_border_radius=\u00bbnone\u00bb column_link_target=\u00bb_self\u00bb column_position=\u00bbdefault\u00bb gradient_direction=\u00bbleft_to_right\u00bb overlay_strength=\u00bb0.3&#8243; width=\u00bb1\/1&#8243; tablet_width_inherit=\u00bbdefault\u00bb animation_type=\u00bbdefault\u00bb bg_image_animation=\u00bbnone\u00bb border_type=\u00bbsimple\u00bb column_border_width=\u00bbnone\u00bb column_border_style=\u00bbsolid\u00bb][divider line_type=\u00bbNo&#8230;<\/p>\n","protected":false},"author":3,"featured_media":0,"parent":0,"menu_order":0,"comment_status":"closed","ping_status":"closed","template":"","meta":{"_acf_changed":false,"inline_featured_image":false,"footnotes":""},"class_list":["post-42333","page","type-page","status-publish"],"acf":[],"_links":{"self":[{"href":"https:\/\/www.sgmmagnetics.com\/es\/wp-json\/wp\/v2\/pages\/42333","targetHints":{"allow":["GET"]}}],"collection":[{"href":"https:\/\/www.sgmmagnetics.com\/es\/wp-json\/wp\/v2\/pages"}],"about":[{"href":"https:\/\/www.sgmmagnetics.com\/es\/wp-json\/wp\/v2\/types\/page"}],"author":[{"embeddable":true,"href":"https:\/\/www.sgmmagnetics.com\/es\/wp-json\/wp\/v2\/users\/3"}],"replies":[{"embeddable":true,"href":"https:\/\/www.sgmmagnetics.com\/es\/wp-json\/wp\/v2\/comments?post=42333"}],"version-history":[{"count":5,"href":"https:\/\/www.sgmmagnetics.com\/es\/wp-json\/wp\/v2\/pages\/42333\/revisions"}],"predecessor-version":[{"id":43246,"href":"https:\/\/www.sgmmagnetics.com\/es\/wp-json\/wp\/v2\/pages\/42333\/revisions\/43246"}],"wp:attachment":[{"href":"https:\/\/www.sgmmagnetics.com\/es\/wp-json\/wp\/v2\/media?parent=42333"}],"curies":[{"name":"wp","href":"https:\/\/api.w.org\/{rel}","templated":true}]}}