{"id":32644,"date":"2024-05-23T09:58:31","date_gmt":"2024-05-23T07:58:31","guid":{"rendered":"https:\/\/www.sgmmagnetics.com\/privacy-policy\/"},"modified":"2025-01-07T12:01:30","modified_gmt":"2025-01-07T11:01:30","slug":"privacy-policy","status":"publish","type":"page","link":"https:\/\/www.sgmmagnetics.com\/es\/privacy-policy\/","title":{"rendered":"Privacy Policy"},"content":{"rendered":"[vc_row type=\u00bbin_container\u00bb full_screen_row_position=\u00bbmiddle\u00bb column_margin=\u00bbdefault\u00bb column_direction=\u00bbdefault\u00bb column_direction_tablet=\u00bbdefault\u00bb column_direction_phone=\u00bbdefault\u00bb scene_position=\u00bbcenter\u00bb text_color=\u00bbdark\u00bb text_align=\u00bbleft\u00bb row_border_radius=\u00bbnone\u00bb row_border_radius_applies=\u00bbbg\u00bb overflow=\u00bbvisible\u00bb overlay_strength=\u00bb0.3&#8243; gradient_direction=\u00bbleft_to_right\u00bb shape_divider_position=\u00bbbottom\u00bb bg_image_animation=\u00bbnone\u00bb][vc_column column_padding=\u00bbno-extra-padding\u00bb column_padding_tablet=\u00bbinherit\u00bb column_padding_phone=\u00bbinherit\u00bb column_padding_position=\u00bball\u00bb column_element_direction_desktop=\u00bbdefault\u00bb column_element_spacing=\u00bbdefault\u00bb desktop_text_alignment=\u00bbdefault\u00bb tablet_text_alignment=\u00bbdefault\u00bb phone_text_alignment=\u00bbdefault\u00bb background_color_opacity=\u00bb1&#8243; background_hover_color_opacity=\u00bb1&#8243; column_backdrop_filter=\u00bbnone\u00bb column_shadow=\u00bbnone\u00bb column_border_radius=\u00bbnone\u00bb column_link_target=\u00bb_self\u00bb column_position=\u00bbdefault\u00bb gradient_direction=\u00bbleft_to_right\u00bb overlay_strength=\u00bb0.3&#8243; width=\u00bb2\/12&#8243; tablet_width_inherit=\u00bbdefault\u00bb animation_type=\u00bbdefault\u00bb bg_image_animation=\u00bbnone\u00bb border_type=\u00bbsimple\u00bb column_border_width=\u00bbnone\u00bb column_border_style=\u00bbsolid\u00bb][\/vc_column][vc_column column_padding=\u00bbno-extra-padding\u00bb column_padding_tablet=\u00bbinherit\u00bb column_padding_phone=\u00bbinherit\u00bb column_padding_position=\u00bball\u00bb column_element_direction_desktop=\u00bbdefault\u00bb column_element_spacing=\u00bbdefault\u00bb desktop_text_alignment=\u00bbdefault\u00bb tablet_text_alignment=\u00bbdefault\u00bb phone_text_alignment=\u00bbdefault\u00bb background_color_opacity=\u00bb1&#8243; background_hover_color_opacity=\u00bb1&#8243; column_backdrop_filter=\u00bbnone\u00bb column_shadow=\u00bbnone\u00bb column_border_radius=\u00bbnone\u00bb column_link_target=\u00bb_self\u00bb column_position=\u00bbdefault\u00bb gradient_direction=\u00bbleft_to_right\u00bb overlay_strength=\u00bb0.3&#8243; width=\u00bb8\/12&#8243; tablet_width_inherit=\u00bbdefault\u00bb animation_type=\u00bbdefault\u00bb bg_image_animation=\u00bbnone\u00bb border_type=\u00bbsimple\u00bb column_border_width=\u00bbnone\u00bb column_border_style=\u00bbsolid\u00bb][vc_column_text css=\u00bb\u00bb text_direction=\u00bbdefault\u00bb]\n<h1>Pol\u00edtica de privacidad y cookies de www.sgmmagnetics.com<\/h1>\n<p>&nbsp;<\/p>\n<h2>Responsable del tratamiento<\/h2>\n<p>El Responsable del tratamiento de los datos recogidos a trav\u00e9s del sitio www.sgmmagnetics.com es SGM MAGNETICS S.P.A. con sede en via Leno 2\/D &#8211; I-25025 Manerbio (BS) &#8211; Italia; tel\u00e9fono<\/p>\n<p>+39 030 9938400<\/p>\n<p><strong>Responsable de Protecci\u00f3n de Datos<\/strong><\/p>\n<p>Las operaciones de procesamiento relacionadas con los servicios web ofrecidos a trav\u00e9s de este sitio web tienen lugar en las oficinas de SGM MAGNETICS S.P.A. arriba mencionadas y son llevadas a cabo \u00fanicamente por personal autorizado.<\/p>\n<p>&nbsp;<\/p>\n<h2>Modalidades de tratamiento de datos<\/h2>\n<p>El tratamiento de los datos se basar\u00e1 en los principios de correcci\u00f3n, licitud y transparencia y podr\u00e1 realizarse tambi\u00e9n utilizando m\u00e9todos automatizados de almacenamiento, gesti\u00f3n y transmisi\u00f3n de los mismos, y se llevar\u00e1 a cabo mediante instrumentos adecuados, en la medida en que sea necesario y de acuerdo con el estado de la t\u00e9cnica, para garantizar su seguridad y confidencialidad mediante el uso de procedimientos adecuados que eviten el riesgo de p\u00e9rdida, acceso no autorizado, uso il\u00edcito y difusi\u00f3n.<\/p>\n<p>&nbsp;<\/p>\n<h2>Cuestiones generales<\/h2>\n<p>Si un usuario se pone en contacto con SGM MAGNETICS S.P.A para realizar una solicitud, es posible que tenga que facilitar a SGM MAGNETICS S.P.A informaci\u00f3n personal (por ejemplo, datos de contacto). SGM MAGNETICS S.P.A. utilizar\u00e1 esta informaci\u00f3n personal para responder a las solicitudes y realizar un seguimiento de la correspondencia posterior. Previo consentimiento expreso, la informaci\u00f3n tambi\u00e9n podr\u00e1 utilizarse con fines de marketing y para recopilar estad\u00edsticas sobre la gesti\u00f3n de las respuestas, etc.<\/p>\n<p>&nbsp;<\/p>\n<h2>Inscripci\u00f3n<\/h2>\n<p>Si un usuario desea suscribirse a la informaci\u00f3n que SGM MAGNETICS S.P.A pone a su disposici\u00f3n, como boletines informativos, rese\u00f1as, etc., tendr\u00e1 derecho a hacerlo. SGM MAGNETICS S.P.A solicitar\u00e1 una direcci\u00f3n de correo electr\u00f3nico y otra informaci\u00f3n pertinente y necesaria para atender la solicitud y, previo consentimiento, utilizar\u00e1 esta direcci\u00f3n de correo electr\u00f3nico y el resto de la informaci\u00f3n recopilada para atender dichas solicitudes. Los usuarios podr\u00e1n darse de baja de cualquier servicio al que se hayan suscrito en cualquier momento enviando una solicitud a social@sgmmagnetics.com. La revocaci\u00f3n del consentimiento no afecta a la legalidad del tratamiento basado en el consentimiento previo a la revocaci\u00f3n.<\/p>\n<p>&nbsp;<\/p>\n<h2><strong>Marketing<\/strong><\/h2>\n<p>SGM MAGNETICS S.P.A, previo consentimiento del interesado, podr\u00e1 utilizar la informaci\u00f3n recabada de los usuarios con fines comerciales y de marketing, incluido el marketing por correo electr\u00f3nico. Podr\u00e1 combinar esta informaci\u00f3n con datos obtenidos de otras fuentes para ayudar a SGM MAGNETICS S.P.A a mejorar su exactitud e integridad y personalizar su interacci\u00f3n con los usuarios. Los usuarios pueden optar por no recibir materiales de marketing siguiendo las instrucciones para darse de baja incluidas en cada correo electr\u00f3nico.<\/p>\n<p>&nbsp;<\/p>\n<h2>Enlace externo<\/h2>\n<p>Este sitio web puede contener enlaces a otros sitios y SGM MAGNETICS S.P.A no es responsable de las pol\u00edticas o pr\u00e1cticas de privacidad de dichos sitios. Esta pol\u00edtica de privacidad se aplica \u00fanicamente a la informaci\u00f3n recogida por este sitio. Otras empresas o sitios web vinculados a este sitio pueden tener sus propias pol\u00edticas de privacidad. Por lo tanto, le recomendamos que lea la pol\u00edtica de privacidad de cada uno de los sitios web que visite o revise.<\/p>\n<p>&nbsp;<\/p>\n<h2><strong>Cookies<\/strong><\/h2>\n<p>Los sistemas inform\u00e1ticos y los procedimientos de software utilizados para el funcionamiento de este sitio web adquieren, durante su funcionamiento normal, algunos datos personales cuya transmisi\u00f3n est\u00e1 impl\u00edcita en el uso de los protocolos de comunicaci\u00f3n de Internet. Se trata de informaci\u00f3n que no se recoge para ser asociada a interesados identificados, sino que por su propia naturaleza podr\u00eda, mediante elaboraciones y asociaciones con datos en poder de terceros, permitir identificar a los usuarios.<\/p>\n<p>En esta categor\u00eda de datos se incluyen las direcciones IP o los nombres de dominio de los ordenadores utilizados por los usuarios que se conectan al sitio, las direcciones en notaci\u00f3n URI (Uniform Resource Identifier) de los recursos solicitados, la hora de la solicitud, el m\u00e9todo utilizado para enviar la solicitud al servidor, el tama\u00f1o del archivo obtenido como respuesta, el c\u00f3digo num\u00e9rico que indica el estado de la respuesta dada por el servidor (correcto, error, etc.) y otros par\u00e1metros relativos al sistema operativo y al entorno inform\u00e1tico del usuario. El env\u00edo facultativo, expl\u00edcito y voluntario de correo electr\u00f3nico a las direcciones indicadas en este sitio y\/o la cumplimentaci\u00f3n de formularios de recogida de datos conlleva la posterior adquisici\u00f3n de la direcci\u00f3n del remitente, necesaria para responder a las solicitudes, as\u00ed como de cualquier otro dato personal introducido.<\/p>\n<p>&nbsp;<\/p>\n<h2>Cambios en la pol\u00edtica de privacidad de SGM MAGNETICS S.P.A.<\/h2>\n<p>SGM MAGNETICS S.P.A se reserva el derecho de modificar esta pol\u00edtica de vez en cuando. Se invita a los usuarios de este sitio web a revisar peri\u00f3dicamente esta pol\u00edtica de privacidad para conocer las nuevas pr\u00e1cticas o cambios en la misma.<\/p>\n<p>&nbsp;<\/p>\n<h2>Derechos de los usuarios<\/h2>\n<p>En relaci\u00f3n con los datos personales tratados por SGM MAGNETICS S.P.A, usted podr\u00e1 ejercer los derechos previstos en el Cap\u00edtulo III del Reglamento UE 2016\/679 dentro de los l\u00edmites y en las condiciones previstas en el citado reglamento.<\/p>\n<p>En caso de que preste su consentimiento para el tratamiento de sus datos conforme a lo solicitado por SGM MAGNETICS S.P.A, le informamos de que podr\u00e1 revocarlo en cualquier momento, sin perjuicio de los cumplimientos obligatorios previstos por la normativa vigente en el momento de la solicitud de revocaci\u00f3n, dirigi\u00e9ndose al Responsable del Tratamiento en los datos de contacto que se especifican a continuaci\u00f3n. La revocaci\u00f3n del consentimiento no afecta a la licitud del tratamiento basado en el consentimiento otorgado antes de la revocaci\u00f3n.<\/p>\n<p>&nbsp;<\/p>\n<h2>C\u00f3mo ponerse en contacto con SGM MAGNETICS S.P.A en relaci\u00f3n con la pol\u00edtica de privacidad de este sitio web<\/h2>\n<p>Para preguntas, dudas o disputas sobre la pol\u00edtica de privacidad de SGM MAGNETICS S.P.A, se invita a los usuarios a escribir por correo electr\u00f3nico a social@sgmmagnetic.com.<\/p>\n<p>Derecho a presentar una reclamaci\u00f3n<\/p>\n<p>Los interesados que consideren que el tratamiento de sus datos personales realizado a trav\u00e9s de este sitio web infringe lo dispuesto en el Reglamento tienen derecho a presentar una reclamaci\u00f3n ante la Autoridad de Protecci\u00f3n de Datos Personales, seg\u00fan lo dispuesto en el art. 77 del Reglamento, o a emprender acciones legales (art. 79 del Reglamento).<\/p>\n<p>&nbsp;<\/p>\n<h2 id=\"cookie-policy\"><strong>Cookie Policy<\/strong><\/h2>\n<p><script id=\"CookieDeclaration\" src=\"https:\/\/consent.cookiebot.com\/961bae2c-fb30-435d-a547-7b8e607b48bc\/cd.js\" type=\"text\/javascript\" async><\/script>[\/vc_column_text][\/vc_column][vc_column column_padding=\u00bbno-extra-padding\u00bb column_padding_tablet=\u00bbinherit\u00bb column_padding_phone=\u00bbinherit\u00bb column_padding_position=\u00bball\u00bb column_element_direction_desktop=\u00bbdefault\u00bb column_element_spacing=\u00bbdefault\u00bb desktop_text_alignment=\u00bbdefault\u00bb tablet_text_alignment=\u00bbdefault\u00bb phone_text_alignment=\u00bbdefault\u00bb background_color_opacity=\u00bb1&#8243; background_hover_color_opacity=\u00bb1&#8243; column_backdrop_filter=\u00bbnone\u00bb column_shadow=\u00bbnone\u00bb column_border_radius=\u00bbnone\u00bb column_link_target=\u00bb_self\u00bb column_position=\u00bbdefault\u00bb gradient_direction=\u00bbleft_to_right\u00bb overlay_strength=\u00bb0.3&#8243; width=\u00bb2\/12&#8243; tablet_width_inherit=\u00bbdefault\u00bb animation_type=\u00bbdefault\u00bb bg_image_animation=\u00bbnone\u00bb border_type=\u00bbsimple\u00bb column_border_width=\u00bbnone\u00bb column_border_style=\u00bbsolid\u00bb][\/vc_column][\/vc_row]\n","protected":false},"excerpt":{"rendered":"<p>[vc_row type=\u00bbin_container\u00bb full_screen_row_position=\u00bbmiddle\u00bb column_margin=\u00bbdefault\u00bb column_direction=\u00bbdefault\u00bb column_direction_tablet=\u00bbdefault\u00bb column_direction_phone=\u00bbdefault\u00bb scene_position=\u00bbcenter\u00bb text_color=\u00bbdark\u00bb text_align=\u00bbleft\u00bb row_border_radius=\u00bbnone\u00bb row_border_radius_applies=\u00bbbg\u00bb overflow=\u00bbvisible\u00bb overlay_strength=\u00bb0.3&#8243; gradient_direction=\u00bbleft_to_right\u00bb shape_divider_position=\u00bbbottom\u00bb bg_image_animation=\u00bbnone\u00bb][vc_column column_padding=\u00bbno-extra-padding\u00bb column_padding_tablet=\u00bbinherit\u00bb column_padding_phone=\u00bbinherit\u00bb column_padding_position=\u00bball\u00bb column_element_direction_desktop=\u00bbdefault\u00bb column_element_spacing=\u00bbdefault\u00bb desktop_text_alignment=\u00bbdefault\u00bb tablet_text_alignment=\u00bbdefault\u00bb phone_text_alignment=\u00bbdefault\u00bb background_color_opacity=\u00bb1&#8243; background_hover_color_opacity=\u00bb1&#8243; column_backdrop_filter=\u00bbnone\u00bb column_shadow=\u00bbnone\u00bb column_border_radius=\u00bbnone\u00bb column_link_target=\u00bb_self\u00bb column_position=\u00bbdefault\u00bb gradient_direction=\u00bbleft_to_right\u00bb overlay_strength=\u00bb0.3&#8243; width=\u00bb2\/12&#8243; tablet_width_inherit=\u00bbdefault\u00bb animation_type=\u00bbdefault\u00bb bg_image_animation=\u00bbnone\u00bb border_type=\u00bbsimple\u00bb column_border_width=\u00bbnone\u00bb column_border_style=\u00bbsolid\u00bb][\/vc_column][vc_column column_padding=\u00bbno-extra-padding\u00bb column_padding_tablet=\u00bbinherit\u00bb column_padding_phone=\u00bbinherit\u00bb column_padding_position=\u00bball\u00bb column_element_direction_desktop=\u00bbdefault\u00bb column_element_spacing=\u00bbdefault\u00bb desktop_text_alignment=\u00bbdefault\u00bb tablet_text_alignment=\u00bbdefault\u00bb&#8230;<\/p>\n","protected":false},"author":3,"featured_media":0,"parent":0,"menu_order":0,"comment_status":"closed","ping_status":"closed","template":"","meta":{"_acf_changed":false,"inline_featured_image":false,"footnotes":""},"class_list":["post-32644","page","type-page","status-publish"],"acf":[],"_links":{"self":[{"href":"https:\/\/www.sgmmagnetics.com\/es\/wp-json\/wp\/v2\/pages\/32644","targetHints":{"allow":["GET"]}}],"collection":[{"href":"https:\/\/www.sgmmagnetics.com\/es\/wp-json\/wp\/v2\/pages"}],"about":[{"href":"https:\/\/www.sgmmagnetics.com\/es\/wp-json\/wp\/v2\/types\/page"}],"author":[{"embeddable":true,"href":"https:\/\/www.sgmmagnetics.com\/es\/wp-json\/wp\/v2\/users\/3"}],"replies":[{"embeddable":true,"href":"https:\/\/www.sgmmagnetics.com\/es\/wp-json\/wp\/v2\/comments?post=32644"}],"version-history":[{"count":2,"href":"https:\/\/www.sgmmagnetics.com\/es\/wp-json\/wp\/v2\/pages\/32644\/revisions"}],"predecessor-version":[{"id":32682,"href":"https:\/\/www.sgmmagnetics.com\/es\/wp-json\/wp\/v2\/pages\/32644\/revisions\/32682"}],"wp:attachment":[{"href":"https:\/\/www.sgmmagnetics.com\/es\/wp-json\/wp\/v2\/media?parent=32644"}],"curies":[{"name":"wp","href":"https:\/\/api.w.org\/{rel}","templated":true}]}}