{"id":39663,"date":"2024-05-23T09:58:31","date_gmt":"2024-05-23T07:58:31","guid":{"rendered":"https:\/\/www.sgmmagnetics.com\/privacy-policy\/"},"modified":"2026-03-06T15:51:04","modified_gmt":"2026-03-06T14:51:04","slug":"privacy-policy","status":"publish","type":"page","link":"https:\/\/www.sgmmagnetics.com\/de\/privacy-policy\/","title":{"rendered":"Privacy Policy"},"content":{"rendered":"[vc_row type=&#8220;in_container&#8220; full_screen_row_position=&#8220;middle&#8220; column_margin=&#8220;default&#8220; column_direction=&#8220;default&#8220; column_direction_tablet=&#8220;default&#8220; column_direction_phone=&#8220;default&#8220; scene_position=&#8220;center&#8220; text_color=&#8220;dark&#8220; text_align=&#8220;left&#8220; row_border_radius=&#8220;none&#8220; row_border_radius_applies=&#8220;bg&#8220; overflow=&#8220;visible&#8220; overlay_strength=&#8220;0.3&#8243; gradient_direction=&#8220;left_to_right&#8220; shape_divider_position=&#8220;bottom&#8220; bg_image_animation=&#8220;none&#8220;][vc_column column_padding=&#8220;no-extra-padding&#8220; column_padding_tablet=&#8220;inherit&#8220; column_padding_phone=&#8220;inherit&#8220; column_padding_position=&#8220;all&#8220; column_element_direction_desktop=&#8220;default&#8220; column_element_spacing=&#8220;default&#8220; desktop_text_alignment=&#8220;default&#8220; tablet_text_alignment=&#8220;default&#8220; phone_text_alignment=&#8220;default&#8220; background_color_opacity=&#8220;1&#8243; background_hover_color_opacity=&#8220;1&#8243; column_backdrop_filter=&#8220;none&#8220; column_shadow=&#8220;none&#8220; column_border_radius=&#8220;none&#8220; column_link_target=&#8220;_self&#8220; column_position=&#8220;default&#8220; gradient_direction=&#8220;left_to_right&#8220; overlay_strength=&#8220;0.3&#8243; width=&#8220;2\/12&#8243; tablet_width_inherit=&#8220;default&#8220; animation_type=&#8220;default&#8220; bg_image_animation=&#8220;none&#8220; border_type=&#8220;simple&#8220; column_border_width=&#8220;none&#8220; column_border_style=&#8220;solid&#8220;][\/vc_column][vc_column column_padding=&#8220;no-extra-padding&#8220; column_padding_tablet=&#8220;inherit&#8220; column_padding_phone=&#8220;inherit&#8220; column_padding_position=&#8220;all&#8220; column_element_direction_desktop=&#8220;default&#8220; column_element_spacing=&#8220;default&#8220; desktop_text_alignment=&#8220;default&#8220; tablet_text_alignment=&#8220;default&#8220; phone_text_alignment=&#8220;default&#8220; background_color_opacity=&#8220;1&#8243; background_hover_color_opacity=&#8220;1&#8243; column_backdrop_filter=&#8220;none&#8220; column_shadow=&#8220;none&#8220; column_border_radius=&#8220;none&#8220; column_link_target=&#8220;_self&#8220; column_position=&#8220;default&#8220; gradient_direction=&#8220;left_to_right&#8220; overlay_strength=&#8220;0.3&#8243; width=&#8220;8\/12&#8243; tablet_width_inherit=&#8220;default&#8220; animation_type=&#8220;default&#8220; bg_image_animation=&#8220;none&#8220; border_type=&#8220;simple&#8220; column_border_width=&#8220;none&#8220; column_border_style=&#8220;solid&#8220;][vc_column_text css=&#8220;&#8220; text_direction=&#8220;default&#8220;]\n<h1>Datenschutz- und Cookie-Richtlinie von www.sgmmagnetics.com<\/h1>\n<p>&nbsp;<\/p>\n<h2>Verantwortlicher f\u00fcr die Datenverarbeitung<\/h2>\n<p>Der Verantwortliche f\u00fcr die Verarbeitung der \u00fcber die Website <a href=\"http:\/\/www.sgmmagnetics.com\/de\/\" target=\"_blank\" rel=\"noopener\">www.sgmmagnetics.com<\/a> erhobenen Daten ist SGM MAGNETICS S.P.A. mit Sitz in Via Leno 2\/D &#8211; I-25025 Manerbio (BS) &#8211; Italien; Telefon<\/p>\n<p>+39 030 9938400<\/p>\n<p>Datenschutzbeauftragter<\/p>\n<p>Die mit den \u00fcber diese Website angebotenen Webdiensten verbundenen Verarbeitungen finden am oben genannten Sitz von SGM MAGNETICS S.P.A statt und werden ausschlie\u00dflich von autorisiertem Personal durchgef\u00fchrt.<\/p>\n<p>&nbsp;<\/p>\n<h2>Art der Datenverarbeitung<\/h2>\n<p>Die Datenverarbeitung erfolgt nach den Grunds\u00e4tzen der Korrektheit, Rechtm\u00e4\u00dfigkeit und Transparenz und kann auch mit automatisierten Verfahren zur Speicherung, Verwaltung und \u00dcbermittlung der Daten erfolgen. Sie wird mit geeigneten Mitteln durchgef\u00fchrt, soweit dies erforderlich ist und dem Stand der Technik entspricht, um die Sicherheit und Vertraulichkeit der Daten durch geeignete Verfahren zu gew\u00e4hrleisten, die das Risiko von Verlust, unbefugtem Zugriff, unrechtm\u00e4\u00dfiger Nutzung und Verbreitung zu vermeiden.<\/p>\n<p>&nbsp;<\/p>\n<h2>Allgemeine Fragen<\/h2>\n<p>Wenn ein Nutzer SGM MAGNETICS S.P.A mit einer Anfrage kontaktiert, muss er SGM MAGNETICS S.P.A m\u00f6glicherweise personenbezogene Daten (z. B. Kontaktdaten) zur Verf\u00fcgung stellen. SGM MAGNETICS S.P.A verwendet diese personenbezogenen Daten, um auf Anfragen zu antworten und die weitere Korrespondenz zu verfolgen. Die Informationen k\u00f6nnen nach ausdr\u00fccklicher Zustimmung auch f\u00fcr Marketingzwecke und zur Erhebung von Statistiken \u00fcber die Bearbeitung von Anfragen usw. verwendet werden.<\/p>\n<p>&nbsp;<\/p>\n<h2>Anmeldungen<\/h2>\n<p>Wenn ein Nutzer die von SGM MAGNETICS S.P.A. zur Verf\u00fcgung gestellten Informationen wie Newsletter, Rezensionen usw. abonnieren m\u00f6chte, fragt SGM MAGNETICS S.P.A. nach einer E-Mail-Adresse und anderen Informationen, die f\u00fcr die Erf\u00fcllung der Anfrage relevant und erforderlich sind, und verwendet diese E-Mail-Adresse und die anderen gesammelten Informationen nach vorheriger Zustimmung zur Erf\u00fcllung dieser Anfragen. Benutzer k\u00f6nnen sich jederzeit von jedem Dienst, den sie abonniert haben, abmelden, indem sie eine Anfrage an social@sgmmagnetics.com senden. Der Widerruf der Einwilligung hat keinen Einfluss auf die Rechtm\u00e4\u00dfigkeit der Verarbeitung auf der Grundlage der Einwilligung vor dem Widerruf.<\/p>\n<p>&nbsp;<\/p>\n<h2><strong>Marketing<\/strong><\/h2>\n<p>SGM MAGNETICS S.P.A kann mit Zustimmung der betroffenen Person die von den Nutzern gesammelten Informationen f\u00fcr kommerzielle und Marketingzwecke, einschlie\u00dflich E-Mail-Marketing, verwenden. Diese Informationen k\u00f6nnen mit Daten aus anderen Quellen kombiniert werden, um SGM MAGNETICS S.P.A dabei zu helfen, ihre Genauigkeit und Vollst\u00e4ndigkeit zu verbessern und ihre Interaktion mit den Nutzern zu personalisieren. Die Nutzer k\u00f6nnen sich daf\u00fcr entscheiden, kein Marketingmaterial zu erhalten, indem sie die Anweisungen zum Abbestellen befolgen, die in jeder E-Mail enthalten sind.<\/p>\n<p>&nbsp;<\/p>\n<h2>Externer Link<\/h2>\n<p>Diese Website kann Links zu anderen Websites enthalten, und SGM MAGNETICS S.P.A. ist nicht f\u00fcr die Datenschutzrichtlinien oder -praktiken dieser anderen Websites verantwortlich. Diese Datenschutzrichtlinie gilt nur f\u00fcr Informationen, die auf dieser Website erfasst werden. Andere Unternehmen oder Websites, die mit dieser Website verlinkt sind, oder Websites, auf die diese Website verlinkt, k\u00f6nnen ihre eigenen Datenschutzrichtlinien haben. Wir empfehlen Ihnen daher, die Datenschutzrichtlinien jeder Website, die Sie besuchen oder \u00fcberpr\u00fcfen, zu lesen.<\/p>\n<p>&nbsp;<\/p>\n<h2><strong>Cookies<\/strong><\/h2>\n<p>Die f\u00fcr den Betrieb dieser Website verwendeten IT-Systeme und Softwareverfahren erfassen w\u00e4hrend ihres normalen Betriebs einige personenbezogene Daten, deren \u00dcbermittlung bei der Verwendung von Internet-Kommunikationsprotokollen implizit erfolgt. Es handelt sich dabei um Informationen, die nicht erfasst werden, um mit identifizierten Personen in Verbindung gebracht zu werden, die jedoch aufgrund ihrer Beschaffenheit durch Verarbeitung und Verkn\u00fcpfung mit Daten im Besitz von Dritten eine Identifizierung der Nutzer erm\u00f6glichen k\u00f6nnten.<\/p>\n<p>Zu dieser Datenkategorie geh\u00f6ren die IP-Adressen oder Dom\u00e4nennamen der Computer, die von den Nutzern verwendet werden, die sich mit der Website verbinden, die URI-Adressen (Uniform Resource Identifier) der angeforderten Ressourcen, der Zeitpunkt der Anfrage, die Methode, mit der die Anfrage an den Server gesendet wurde, die Gr\u00f6\u00dfe der als Antwort erhaltenen Datei, der Zahlencode, der den Status der vom Server gegebenen Antwort angibt (erfolgreich, Fehler, usw.) und andere Parameter, die sich auf das Betriebssystem und die IT-Umgebung des Benutzers beziehen. Die fakultative, ausdr\u00fcckliche und freiwillige Zusendung von E-Mails an die auf dieser Website angegebenen Adressen und\/oder das Ausf\u00fcllen von Datenerfassungsformularen f\u00fchrt zur Erfassung der Absenderadresse, die f\u00fcr die Beantwortung der Anfragen erforderlich ist, sowie aller anderen eingegebenen personenbezogenen Daten.<\/p>\n<p>&nbsp;<\/p>\n<h2>\u00c4nderungen der Datenschutzerkl\u00e4rung von SGM MAGNETICS S.P.A.<\/h2>\n<p>SGM MAGNETICS S.P.A. beh\u00e4lt sich das Recht vor, diese Richtlinie von Zeit zu Zeit zu \u00e4ndern. Die Nutzer dieser Website werden gebeten, diese Datenschutzerkl\u00e4rung regelm\u00e4\u00dfig auf neue Praktiken oder \u00c4nderungen zu \u00fcberpr\u00fcfen.<\/p>\n<p>&nbsp;<\/p>\n<h2>Rechte des Nutzers<\/h2>\n<p>In Bezug auf die von SGM MAGNETICS S.P.A. verarbeiteten personenbezogenen Daten k\u00f6nnen Sie die in Kapitel III der EU-Verordnung 2016\/679 vorgesehenen Rechte innerhalb der Grenzen und unter den Bedingungen der genannten Verordnung aus\u00fcben.<\/p>\n<p>Wenn Sie SGM MAGNETICS S.P.A. Ihre Einwilligung zur Verarbeitung Ihrer Daten erteilt haben, k\u00f6nnen Sie diese jederzeit widerrufen, unbeschadet der zum Zeitpunkt des Widerrufs geltenden gesetzlichen Bestimmungen, indem Sie sich unter den unten angegebenen Kontaktdaten an den Verantwortlichen wenden. Der Widerruf der Einwilligung hat keinen Einfluss auf die Rechtm\u00e4\u00dfigkeit der Verarbeitung auf der Grundlage der vor dem Widerruf erteilten Einwilligung.<\/p>\n<p>&nbsp;<\/p>\n<h2>Wie Sie SGM MAGNETICS S.P.A. bez\u00fcglich der Datenschutzerkl\u00e4rung dieser Website kontaktieren k\u00f6nnen<\/h2>\n<p>Bei Fragen, Zweifeln oder Beanstandungen bez\u00fcglich der Datenschutzerkl\u00e4rung von SGM MAGNETICS S.P.A. werden die Nutzer gebeten, sich per E-Mail an social@sgmmagnetic.com zu wenden.<\/p>\n<p>Recht auf Einreichung einer Beschwerde<\/p>\n<p>Betroffene Personen, die der Ansicht sind, dass die Verarbeitung ihrer personenbezogenen Daten \u00fcber diese Website gegen die Bestimmungen der Verordnung verst\u00f6\u00dft, haben das Recht, gem\u00e4\u00df Art. 77 der Verordnung eine Beschwerde bei der Datenschutzbeh\u00f6rde einzureichen oder die zust\u00e4ndigen Gerichte anzurufen (Art. 79 der Verordnung).<\/p>\n<p>&nbsp;<\/p>\n<h2 id=\"cookie-policy\">Cookie-Richtlinie<\/h2>\n<p><script id=\"CookieDeclaration\" src=\"https:\/\/consent.cookiebot.com\/961bae2c-fb30-435d-a547-7b8e607b48bc\/cd.js\" type=\"text\/javascript\" async><\/script>[\/vc_column_text][\/vc_column][vc_column column_padding=&#8220;no-extra-padding&#8220; column_padding_tablet=&#8220;inherit&#8220; column_padding_phone=&#8220;inherit&#8220; column_padding_position=&#8220;all&#8220; column_element_direction_desktop=&#8220;default&#8220; column_element_spacing=&#8220;default&#8220; desktop_text_alignment=&#8220;default&#8220; tablet_text_alignment=&#8220;default&#8220; phone_text_alignment=&#8220;default&#8220; background_color_opacity=&#8220;1&#8243; background_hover_color_opacity=&#8220;1&#8243; column_backdrop_filter=&#8220;none&#8220; column_shadow=&#8220;none&#8220; column_border_radius=&#8220;none&#8220; column_link_target=&#8220;_self&#8220; column_position=&#8220;default&#8220; gradient_direction=&#8220;left_to_right&#8220; overlay_strength=&#8220;0.3&#8243; width=&#8220;2\/12&#8243; tablet_width_inherit=&#8220;default&#8220; animation_type=&#8220;default&#8220; bg_image_animation=&#8220;none&#8220; border_type=&#8220;simple&#8220; column_border_width=&#8220;none&#8220; column_border_style=&#8220;solid&#8220;][\/vc_column][\/vc_row]\n","protected":false},"excerpt":{"rendered":"<p>[vc_row type=&#8220;in_container&#8220; full_screen_row_position=&#8220;middle&#8220; column_margin=&#8220;default&#8220; column_direction=&#8220;default&#8220; column_direction_tablet=&#8220;default&#8220; column_direction_phone=&#8220;default&#8220; scene_position=&#8220;center&#8220; text_color=&#8220;dark&#8220; text_align=&#8220;left&#8220; row_border_radius=&#8220;none&#8220; row_border_radius_applies=&#8220;bg&#8220; overflow=&#8220;visible&#8220; overlay_strength=&#8220;0.3&#8243; gradient_direction=&#8220;left_to_right&#8220; shape_divider_position=&#8220;bottom&#8220; bg_image_animation=&#8220;none&#8220;][vc_column column_padding=&#8220;no-extra-padding&#8220; column_padding_tablet=&#8220;inherit&#8220; column_padding_phone=&#8220;inherit&#8220; column_padding_position=&#8220;all&#8220; column_element_direction_desktop=&#8220;default&#8220; column_element_spacing=&#8220;default&#8220; desktop_text_alignment=&#8220;default&#8220; tablet_text_alignment=&#8220;default&#8220; phone_text_alignment=&#8220;default&#8220; background_color_opacity=&#8220;1&#8243; background_hover_color_opacity=&#8220;1&#8243; column_backdrop_filter=&#8220;none&#8220; column_shadow=&#8220;none&#8220; column_border_radius=&#8220;none&#8220; column_link_target=&#8220;_self&#8220; column_position=&#8220;default&#8220; gradient_direction=&#8220;left_to_right&#8220; overlay_strength=&#8220;0.3&#8243; width=&#8220;2\/12&#8243; tablet_width_inherit=&#8220;default&#8220; animation_type=&#8220;default&#8220; bg_image_animation=&#8220;none&#8220; border_type=&#8220;simple&#8220; column_border_width=&#8220;none&#8220; column_border_style=&#8220;solid&#8220;][\/vc_column][vc_column column_padding=&#8220;no-extra-padding&#8220; column_padding_tablet=&#8220;inherit&#8220; column_padding_phone=&#8220;inherit&#8220; column_padding_position=&#8220;all&#8220; column_element_direction_desktop=&#8220;default&#8220; column_element_spacing=&#8220;default&#8220; desktop_text_alignment=&#8220;default&#8220; tablet_text_alignment=&#8220;default&#8220;&#8230;<\/p>\n","protected":false},"author":3,"featured_media":0,"parent":0,"menu_order":0,"comment_status":"closed","ping_status":"closed","template":"","meta":{"_acf_changed":false,"inline_featured_image":false,"footnotes":""},"class_list":["post-39663","page","type-page","status-publish"],"acf":[],"_links":{"self":[{"href":"https:\/\/www.sgmmagnetics.com\/de\/wp-json\/wp\/v2\/pages\/39663","targetHints":{"allow":["GET"]}}],"collection":[{"href":"https:\/\/www.sgmmagnetics.com\/de\/wp-json\/wp\/v2\/pages"}],"about":[{"href":"https:\/\/www.sgmmagnetics.com\/de\/wp-json\/wp\/v2\/types\/page"}],"author":[{"embeddable":true,"href":"https:\/\/www.sgmmagnetics.com\/de\/wp-json\/wp\/v2\/users\/3"}],"replies":[{"embeddable":true,"href":"https:\/\/www.sgmmagnetics.com\/de\/wp-json\/wp\/v2\/comments?post=39663"}],"version-history":[{"count":2,"href":"https:\/\/www.sgmmagnetics.com\/de\/wp-json\/wp\/v2\/pages\/39663\/revisions"}],"predecessor-version":[{"id":39665,"href":"https:\/\/www.sgmmagnetics.com\/de\/wp-json\/wp\/v2\/pages\/39663\/revisions\/39665"}],"wp:attachment":[{"href":"https:\/\/www.sgmmagnetics.com\/de\/wp-json\/wp\/v2\/media?parent=39663"}],"curies":[{"name":"wp","href":"https:\/\/api.w.org\/{rel}","templated":true}]}}